{"id":2384,"date":"2023-10-27T08:32:00","date_gmt":"2023-10-27T06:32:00","guid":{"rendered":"https:\/\/www.simplauto.com\/blog\/?page_id=2384"},"modified":"2023-09-09T18:43:39","modified_gmt":"2023-09-09T16:43:39","slug":"quel-est-le-taux-de-contre-visites-en-france","status":"publish","type":"page","link":"https:\/\/www.simplauto.com\/blog\/controle-technique\/reglementation\/quel-est-le-taux-de-contre-visites-en-france\/","title":{"rendered":"Quel est le taux de contre-visites en France ?"},"content":{"rendered":"\n<pre class=\"wp-block-preformatted\">Cet article est issu de notre <a href=\"https:\/\/www.simplauto.com\/blog\/guide-du-controle-technique\/\" title=\"guide du contr\u00f4le technique\">guide du contr\u00f4le technique<\/a>, qui regroupe plus de 50 Questions-R\u00e9ponses relatives \u00e0 toutes les \u00e9tapes du contr\u00f4le technique : sa r\u00e9glementation, la pr\u00e9paration du contr\u00f4le technique, son d\u00e9roulement et enfin l'apr\u00e8s contr\u00f4le technique.<\/pre>\n\n\n\n<p>Le contr\u00f4le technique est une \u00e9tape cruciale pour assurer la s\u00e9curit\u00e9 des v\u00e9hicules sur les routes fran\u00e7aises. Lors de ce contr\u00f4le, si des anomalies sont d\u00e9tect\u00e9es et jug\u00e9es trop importantes, le v\u00e9hicule peut \u00eatre soumis \u00e0 une contre-visite. Mais quel est le taux de contre-visites en France ?<\/p>\n\n\n\n<p><strong>Taux de contre-visites : une tendance g\u00e9n\u00e9rale<\/strong><\/p>\n\n\n\n<p><a href=\"https:\/\/www.utac-otc.com\/actualite\/Pages\/BilanCT2022.aspx\" title=\"Selon le dernier rapport officiel de l'Organisme Technique Central\">Selon le dernier rapport officiel de l&rsquo;Organisme Technique Central<\/a>, sur un total de 25 558 192 contr\u00f4les techniques r\u00e9alis\u00e9s, 4 130 333 v\u00e9hicules, soit 19,44%, ont \u00e9t\u00e9 d\u00e9clar\u00e9s non conformes et ont n\u00e9cessit\u00e9 une contre-visite. Cette proportion se d\u00e9compose en 18,70% pour des d\u00e9faillances majeures et 0,74% pour des d\u00e9faillances critiques. En comparaison, en 2021, sur 21 003 706 contr\u00f4les techniques, 19,90% des v\u00e9hicules \u00e9taient d\u00e9clar\u00e9s non conformes.<\/p>\n\n\n\n<p>Pour les V\u00e9hicules Particuliers, le taux de prescription de Contre-Visites \u00e0 l\u2019issue des Contr\u00f4les Techniques P\u00e9riodiques \u00e9tait de 19,01% en 2022, contre 19,47% en 2021. Pour les V\u00e9hicules Utilitaires L\u00e9gers, ce taux \u00e9tait de 22,82% en 2022, en l\u00e9g\u00e8re baisse par rapport \u00e0 23,36% en 2021.<\/p>\n\n\n\n<p>Ces chiffres montrent une l\u00e9g\u00e8re tendance \u00e0 la baisse du taux de contre-visites en France entre 2021 et 2022. Cependant, il est essentiel de noter que pr\u00e8s d&rsquo;un v\u00e9hicule sur cinq n\u00e9cessite encore une contre-visite apr\u00e8s le premier contr\u00f4le, soulignant l&rsquo;importance d&rsquo;une pr\u00e9paration ad\u00e9quate avant le contr\u00f4le technique.<\/p>\n\n\n\n<p><strong>Comment r\u00e9duire le risque de contre-visite ?<\/strong><\/p>\n\n\n\n<p>Pour maximiser vos chances de passer le contr\u00f4le technique du premier coup, voici quelques \u00e9l\u00e9ments cl\u00e9s \u00e0 v\u00e9rifier, bas\u00e9s sur les principales d\u00e9faillances observ\u00e9es en 2022\u00a0:<\/p>\n\n\n\n<ul class=\"wp-block-list\">\n<li><strong>Orientation des feux de croisement<\/strong> : 4,58% des contre-visites sont dues \u00e0 une orientation inad\u00e9quate. Assurez-vous que vos phares soient bien r\u00e9gl\u00e9s. Si vous constatez qu&rsquo;ils n&rsquo;\u00e9clairent pas correctement la route, faites-les ajuster par un professionnel.<\/li>\n\n\n\n<li><strong>Pneumatiques endommag\u00e9s ou mal mont\u00e9s<\/strong> : 3,15% des v\u00e9hicules ont \u00e9t\u00e9 recal\u00e9s pour cette raison. V\u00e9rifiez r\u00e9guli\u00e8rement l&rsquo;\u00e9tat de vos pneus. Assurez-vous qu&rsquo;ils ne pr\u00e9sentent pas de coupures, d&rsquo;entailles et que leur montage est adapt\u00e9 \u00e0 votre v\u00e9hicule.<\/li>\n\n\n\n<li><strong>Opacit\u00e9 des \u00e9missions<\/strong> : 2,85% des contre-visites concernent une opacit\u00e9 d\u00e9passant la valeur de r\u00e9ception. Si vous poss\u00e9dez un v\u00e9hicule diesel, pensez \u00e0 faire nettoyer r\u00e9guli\u00e8rement votre filtre \u00e0 particules et \u00e0 utiliser des additifs pour r\u00e9duire l&rsquo;opacit\u00e9 des fum\u00e9es.<\/li>\n\n\n\n<li><strong>Atteinte de l\u2019indicateur d\u2019usure des pneumatiques<\/strong> : 2,13% des v\u00e9hicules ont cette d\u00e9faillance. V\u00e9rifiez la profondeur des rainures de vos pneus. Si elles sont inf\u00e9rieures \u00e0 1,6 mm, il est temps de les remplacer.<\/li>\n\n\n\n<li><strong>Source lumineuse d\u00e9fectueuse des feux stop<\/strong> : 2,00% des contre-visites sont dues \u00e0 ce probl\u00e8me. Assurez-vous que tous vos feux stop fonctionnent correctement. Remplacez imm\u00e9diatement toute ampoule d\u00e9fectueuse.<\/li>\n<\/ul>\n\n\n\n<p>Pour \u00e9viter ces d\u00e9faillances et d&rsquo;autres, il est essentiel de faire entretenir r\u00e9guli\u00e8rement son v\u00e9hicule par un professionnel. Pour en savoir plus sur la pr\u00e9paration du contr\u00f4le technique et <a href=\"https:\/\/www.simplauto.com\/blog\/controle-technique\/preparer-le-controle-technique\/comment-eviter-une-contre-visite\/\" title=\"comment \u00e9viter une contre-visite\">comment \u00e9viter une contre-visite<\/a>, consultez cet article d\u00e9taill\u00e9 sur notre blog.<\/p>\n\n\n\n<p><strong>R\u00e9servez un contr\u00f4le technique pas cher sur Simplauto<\/strong><\/p>\n\n\n\n<p>Ne laissez pas le co\u00fbt du contr\u00f4le technique vous dissuader de garantir la s\u00e9curit\u00e9 de votre v\u00e9hicule. Sur Simplauto, vous pouvez r\u00e9server un <a href=\"https:\/\/www.simplauto.com\/\" title=\"contr\u00f4le technique au meilleur prix\">contr\u00f4le technique au meilleur prix<\/a> pr\u00e8s de chez vous. De plus, en r\u00e9servant \u00e0 l&rsquo;avance, vous b\u00e9n\u00e9ficiez des meilleurs tarifs et d&rsquo;une plus grande flexibilit\u00e9 sur les cr\u00e9neaux horaires. <\/p>\n\n\n\n<p><strong>\u00c0 lire \u00e9galement<\/strong><\/p>\n\n\n\n<ul class=\"wp-block-list\">\n<li><a href=\"https:\/\/www.simplauto.com\/blog\/contre-visite-controle-technique\/\">Qu\u2019est-ce qu\u2019une contre-visite\u00a0?<\/a><\/li>\n\n\n\n<li><a href=\"https:\/\/www.simplauto.com\/blog\/rouler-sans-controle-technique-risques\/\">Rouler sans contr\u00f4le technique\u00a0: quels sont les risques\u00a0?<\/a><\/li>\n\n\n\n<li><a href=\"https:\/\/www.simplauto.com\/blog\/vendre-voiture-sans-controle-technique\/\">Peut-on vendre sa voiture sans contr\u00f4le technique\u00a0?<\/a><\/li>\n\n\n\n<li><a href=\"https:\/\/www.simplauto.com\/blog\/amende-controle-technique\/\">Quelle amende en cas de d\u00e9faut de contr\u00f4le technique\u00a0?<\/a><\/li>\n<\/ul>\n","protected":false},"excerpt":{"rendered":"<p>Cet article est issu de notre guide du contr\u00f4le technique, qui regroupe plus de 50 Questions-R\u00e9ponses relatives \u00e0 toutes les \u00e9tapes du contr\u00f4le technique : sa r\u00e9glementation, la pr\u00e9paration du contr\u00f4le technique, son d\u00e9roulement et enfin l&rsquo;apr\u00e8s contr\u00f4le technique. Le contr\u00f4le technique est une \u00e9tape cruciale pour assurer la s\u00e9curit\u00e9 des v\u00e9hicules sur les routes<\/p>\n","protected":false},"author":1,"featured_media":0,"parent":1766,"menu_order":0,"comment_status":"closed","ping_status":"closed","template":"","meta":{"footnotes":""},"class_list":["post-2384","page","type-page","status-publish"],"_links":{"self":[{"href":"https:\/\/www.simplauto.com\/blog\/wp-json\/wp\/v2\/pages\/2384","targetHints":{"allow":["GET"]}}],"collection":[{"href":"https:\/\/www.simplauto.com\/blog\/wp-json\/wp\/v2\/pages"}],"about":[{"href":"https:\/\/www.simplauto.com\/blog\/wp-json\/wp\/v2\/types\/page"}],"author":[{"embeddable":true,"href":"https:\/\/www.simplauto.com\/blog\/wp-json\/wp\/v2\/users\/1"}],"replies":[{"embeddable":true,"href":"https:\/\/www.simplauto.com\/blog\/wp-json\/wp\/v2\/comments?post=2384"}],"version-history":[{"count":1,"href":"https:\/\/www.simplauto.com\/blog\/wp-json\/wp\/v2\/pages\/2384\/revisions"}],"predecessor-version":[{"id":2385,"href":"https:\/\/www.simplauto.com\/blog\/wp-json\/wp\/v2\/pages\/2384\/revisions\/2385"}],"up":[{"embeddable":true,"href":"https:\/\/www.simplauto.com\/blog\/wp-json\/wp\/v2\/pages\/1766"}],"wp:attachment":[{"href":"https:\/\/www.simplauto.com\/blog\/wp-json\/wp\/v2\/media?parent=2384"}],"curies":[{"name":"wp","href":"https:\/\/api.w.org\/{rel}","templated":true}]}}