{"id":2373,"date":"2023-11-03T13:10:36","date_gmt":"2023-11-03T12:10:36","guid":{"rendered":"https:\/\/www.simplauto.com\/blog\/?page_id=2373"},"modified":"2023-09-09T13:13:44","modified_gmt":"2023-09-09T11:13:44","slug":"ma-voiture-est-elle-concernee-par-le-controle-technique","status":"publish","type":"page","link":"https:\/\/www.simplauto.com\/blog\/controle-technique\/reglementation\/ma-voiture-est-elle-concernee-par-le-controle-technique\/","title":{"rendered":"Ma voiture est-elle concern\u00e9e par le contr\u00f4le technique ?"},"content":{"rendered":"\n<pre class=\"wp-block-preformatted\">Cet article est issu de notre <a href=\"https:\/\/www.simplauto.com\/blog\/guide-du-controle-technique\/\">guide du contr\u00f4le technique<\/a>, qui regroupe plus de 50 Questions-R\u00e9ponses relatives \u00e0 toutes les \u00e9tapes du contr\u00f4le technique : sa r\u00e9glementation, la pr\u00e9paration du contr\u00f4le technique, son d\u00e9roulement et enfin l'apr\u00e8s contr\u00f4le technique.<\/pre>\n\n\n\n<p>Le <a href=\"https:\/\/www.simplauto.com\/\">contr\u00f4le technique<\/a> est une \u00e9tape cruciale pour garantir la s\u00e9curit\u00e9 sur les routes fran\u00e7aises. Cependant, tous les v\u00e9hicules ne sont pas soumis aux m\u00eames r\u00e8gles. Alors, comment savoir si votre v\u00e9hicule doit passer le contr\u00f4le technique ? D\u00e9cryptage.<\/p>\n\n\n\n<div id=\"ez-toc-container\" class=\"ez-toc-v2_0_75 counter-hierarchy ez-toc-counter ez-toc-grey ez-toc-container-direction\">\n<p class=\"ez-toc-title\" style=\"cursor:inherit\">Sommaire<\/p>\n<label for=\"ez-toc-cssicon-toggle-item-69dfbf9f19959\" class=\"ez-toc-cssicon-toggle-label\"><span class=\"ez-toc-cssicon\"><span class=\"eztoc-hide\" style=\"display:none;\">Toggle<\/span><span class=\"ez-toc-icon-toggle-span\"><svg style=\"fill: #999;color:#999\" xmlns=\"http:\/\/www.w3.org\/2000\/svg\" class=\"list-377408\" width=\"20px\" height=\"20px\" viewBox=\"0 0 24 24\" fill=\"none\"><path d=\"M6 6H4v2h2V6zm14 0H8v2h12V6zM4 11h2v2H4v-2zm16 0H8v2h12v-2zM4 16h2v2H4v-2zm16 0H8v2h12v-2z\" fill=\"currentColor\"><\/path><\/svg><svg style=\"fill: #999;color:#999\" class=\"arrow-unsorted-368013\" xmlns=\"http:\/\/www.w3.org\/2000\/svg\" width=\"10px\" height=\"10px\" viewBox=\"0 0 24 24\" version=\"1.2\" baseProfile=\"tiny\"><path d=\"M18.2 9.3l-6.2-6.3-6.2 6.3c-.2.2-.3.4-.3.7s.1.5.3.7c.2.2.4.3.7.3h11c.3 0 .5-.1.7-.3.2-.2.3-.5.3-.7s-.1-.5-.3-.7zM5.8 14.7l6.2 6.3 6.2-6.3c.2-.2.3-.5.3-.7s-.1-.5-.3-.7c-.2-.2-.4-.3-.7-.3h-11c-.3 0-.5.1-.7.3-.2.2-.3.5-.3.7s.1.5.3.7z\"\/><\/svg><\/span><\/span><\/label><input type=\"checkbox\"  id=\"ez-toc-cssicon-toggle-item-69dfbf9f19959\"  aria-label=\"Toggle\" \/><nav><ul class='ez-toc-list ez-toc-list-level-1 ' ><li class='ez-toc-page-1 ez-toc-heading-level-2'><a class=\"ez-toc-link ez-toc-heading-1\" href=\"https:\/\/www.simplauto.com\/blog\/controle-technique\/reglementation\/ma-voiture-est-elle-concernee-par-le-controle-technique\/#Vehicules_particuliers_VP\" >V\u00e9hicules particuliers (VP)<\/a><\/li><li class='ez-toc-page-1 ez-toc-heading-level-2'><a class=\"ez-toc-link ez-toc-heading-2\" href=\"https:\/\/www.simplauto.com\/blog\/controle-technique\/reglementation\/ma-voiture-est-elle-concernee-par-le-controle-technique\/#Vehicules_utilitaires_legers_VUL\" >V\u00e9hicules utilitaires l\u00e9gers (VUL)<\/a><\/li><li class='ez-toc-page-1 ez-toc-heading-level-2'><a class=\"ez-toc-link ez-toc-heading-3\" href=\"https:\/\/www.simplauto.com\/blog\/controle-technique\/reglementation\/ma-voiture-est-elle-concernee-par-le-controle-technique\/#Vehicules_de_collection\" >V\u00e9hicules de collection<\/a><\/li><li class='ez-toc-page-1 ez-toc-heading-level-2'><a class=\"ez-toc-link ez-toc-heading-4\" href=\"https:\/\/www.simplauto.com\/blog\/controle-technique\/reglementation\/ma-voiture-est-elle-concernee-par-le-controle-technique\/#Vehicules_exoneres\" >V\u00e9hicules exon\u00e9r\u00e9s<\/a><\/li><li class='ez-toc-page-1 ez-toc-heading-level-2'><a class=\"ez-toc-link ez-toc-heading-5\" href=\"https:\/\/www.simplauto.com\/blog\/controle-technique\/reglementation\/ma-voiture-est-elle-concernee-par-le-controle-technique\/#Limportance_du_controle_technique\" >L&rsquo;importance du contr\u00f4le technique<\/a><\/li><\/ul><\/nav><\/div>\n<h2 class=\"wp-block-heading\"><span class=\"ez-toc-section\" id=\"Vehicules_particuliers_VP\"><\/span><strong>V\u00e9hicules particuliers (VP)<\/strong><span class=\"ez-toc-section-end\"><\/span><\/h2>\n\n\n\n<p>Les voitures particuli\u00e8res, identifi\u00e9es par le code \u00ab\u00a0VP\u00a0\u00bb sur la carte grise, sont soumises au contr\u00f4le technique. La premi\u00e8re inspection doit avoir lieu quatre ans apr\u00e8s la premi\u00e8re mise en circulation. Ensuite, un contr\u00f4le est requis tous les deux ans. Ces contr\u00f4les permettent de s&rsquo;assurer que le v\u00e9hicule est en bon \u00e9tat de fonctionnement, notamment en ce qui concerne les \u00e9l\u00e9ments de s\u00e9curit\u00e9 comme les freins, les phares ou les pneus.<\/p>\n\n\n\n<h2 class=\"wp-block-heading\"><span class=\"ez-toc-section\" id=\"Vehicules_utilitaires_legers_VUL\"><\/span><strong>V\u00e9hicules utilitaires l\u00e9gers (VUL)<\/strong><span class=\"ez-toc-section-end\"><\/span><\/h2>\n\n\n\n<p>Les v\u00e9hicules utilitaires l\u00e9gers, tels que les camionnettes, doivent \u00e9galement passer le contr\u00f4le technique. Leur premi\u00e8re inspection est similaire \u00e0 celle des VP, soit quatre ans apr\u00e8s leur premi\u00e8re mise en circulation, puis tous les deux ans. Ces v\u00e9hicules sont souvent soumis \u00e0 une utilisation intensive, d&rsquo;o\u00f9 l&rsquo;importance de v\u00e9rifier r\u00e9guli\u00e8rement leur \u00e9tat.<\/p>\n\n\n\n<p>En plus du contr\u00f4le technique classique, les VUL sont \u00e9galement soumis \u00e0 un contr\u00f4le antipollution sp\u00e9cifique. Ce contr\u00f4le vise \u00e0 v\u00e9rifier que les \u00e9missions de gaz polluants et de particules fines du v\u00e9hicule sont conformes aux <a href=\"https:\/\/www.service-public.fr\/particuliers\/vosdroits\/F33353\" title=\"\">normes en vigueur<\/a>. Il est essentiel pour l&rsquo;environnement et la qualit\u00e9 de l&rsquo;air, surtout dans les zones urbaines denses.<\/p>\n\n\n\n<h2 class=\"wp-block-heading\"><span class=\"ez-toc-section\" id=\"Vehicules_de_collection\"><\/span><strong>V\u00e9hicules de collection<\/strong><span class=\"ez-toc-section-end\"><\/span><\/h2>\n\n\n\n<p>Les v\u00e9hicules de collection, \u00e2g\u00e9s de plus de 30 ans, ont un r\u00e9gime sp\u00e9cifique. Bien qu&rsquo;ils soient soumis \u00e0 un contr\u00f4le technique, la fr\u00e9quence est diff\u00e9rente : ils doivent \u00eatre inspect\u00e9s <strong>tous les 5 ans<\/strong>. Ce contr\u00f4le est moins strict, compte tenu de l&rsquo;\u00e2ge du v\u00e9hicule et de ses sp\u00e9cificit\u00e9s techniques.<\/p>\n\n\n\n<h2 class=\"wp-block-heading\"><span class=\"ez-toc-section\" id=\"Vehicules_exoneres\"><\/span><strong>V\u00e9hicules exon\u00e9r\u00e9s<\/strong><span class=\"ez-toc-section-end\"><\/span><\/h2>\n\n\n\n<p>Certains v\u00e9hicules b\u00e9n\u00e9ficient d&rsquo;une exon\u00e9ration de contr\u00f4le technique. C&rsquo;est le cas des <strong>tracteurs agricoles<\/strong>, des <strong>v\u00e9hicules militaires,<\/strong> des <strong>v\u00e9hicules de comp\u00e9tition<\/strong> ou encore des <strong>engins de chantier<\/strong>. Toutefois, cette exon\u00e9ration ne dispense pas les propri\u00e9taires de veiller \u00e0 la bonne maintenance de leur v\u00e9hicule.<\/p>\n\n\n\n<h2 class=\"wp-block-heading\"><span class=\"ez-toc-section\" id=\"Limportance_du_controle_technique\"><\/span><strong>L&rsquo;importance du contr\u00f4le technique<\/strong><span class=\"ez-toc-section-end\"><\/span><\/h2>\n\n\n\n<p>Au-del\u00e0 de l&rsquo;obligation l\u00e9gale, le contr\u00f4le technique est un gage de s\u00e9curit\u00e9 pour tous les usagers de la route. Il permet de d\u00e9tecter les \u00e9ventuels dysfonctionnements d&rsquo;un v\u00e9hicule et d&rsquo;assurer son bon \u00e9tat de marche. Ne pas respecter ces \u00e9ch\u00e9ances peut entra\u00eener des sanctions, allant de l&rsquo;amende \u00e0 l&rsquo;immobilisation du v\u00e9hicule. Pour en savoir plus sur la r\u00e9glementation, vous pouvez consulter <a href=\"https:\/\/www.simplauto.com\/blog\/controle-technique\/reglementation\/\">cette page<\/a>.<\/p>\n\n\n\n<p><strong>\u00c0 lire \u00e9galement :<\/strong><\/p>\n\n\n\n<ul class=\"wp-block-list\">\n<li><a href=\"https:\/\/www.simplauto.com\/blog\/contre-visite-controle-technique\/\">Qu\u2019est-ce qu\u2019une contre-visite\u00a0?<\/a><\/li>\n\n\n\n<li><a href=\"https:\/\/www.simplauto.com\/blog\/rouler-sans-controle-technique-risques\/\">Rouler sans contr\u00f4le technique\u00a0: quels sont les risques\u00a0?<\/a><\/li>\n\n\n\n<li><a href=\"https:\/\/www.simplauto.com\/blog\/vendre-voiture-sans-controle-technique\/\">Peut-on vendre sa voiture sans contr\u00f4le technique\u00a0?<\/a><\/li>\n\n\n\n<li><a href=\"https:\/\/www.simplauto.com\/blog\/amende-controle-technique\/\">Quelle amende en cas de d\u00e9faut de contr\u00f4le technique\u00a0?<\/a><\/li>\n<\/ul>\n","protected":false},"excerpt":{"rendered":"<p>Cet article est issu de notre guide du contr\u00f4le technique, qui regroupe plus de 50 Questions-R\u00e9ponses relatives \u00e0 toutes les \u00e9tapes du contr\u00f4le technique : sa r\u00e9glementation, la pr\u00e9paration du contr\u00f4le technique, son d\u00e9roulement et enfin l&rsquo;apr\u00e8s contr\u00f4le technique. Le contr\u00f4le technique est une \u00e9tape cruciale pour garantir la s\u00e9curit\u00e9 sur les routes fran\u00e7aises. Cependant,<\/p>\n","protected":false},"author":1,"featured_media":0,"parent":1766,"menu_order":0,"comment_status":"closed","ping_status":"closed","template":"","meta":{"footnotes":""},"class_list":["post-2373","page","type-page","status-publish"],"_links":{"self":[{"href":"https:\/\/www.simplauto.com\/blog\/wp-json\/wp\/v2\/pages\/2373","targetHints":{"allow":["GET"]}}],"collection":[{"href":"https:\/\/www.simplauto.com\/blog\/wp-json\/wp\/v2\/pages"}],"about":[{"href":"https:\/\/www.simplauto.com\/blog\/wp-json\/wp\/v2\/types\/page"}],"author":[{"embeddable":true,"href":"https:\/\/www.simplauto.com\/blog\/wp-json\/wp\/v2\/users\/1"}],"replies":[{"embeddable":true,"href":"https:\/\/www.simplauto.com\/blog\/wp-json\/wp\/v2\/comments?post=2373"}],"version-history":[{"count":1,"href":"https:\/\/www.simplauto.com\/blog\/wp-json\/wp\/v2\/pages\/2373\/revisions"}],"predecessor-version":[{"id":2374,"href":"https:\/\/www.simplauto.com\/blog\/wp-json\/wp\/v2\/pages\/2373\/revisions\/2374"}],"up":[{"embeddable":true,"href":"https:\/\/www.simplauto.com\/blog\/wp-json\/wp\/v2\/pages\/1766"}],"wp:attachment":[{"href":"https:\/\/www.simplauto.com\/blog\/wp-json\/wp\/v2\/media?parent=2373"}],"curies":[{"name":"wp","href":"https:\/\/api.w.org\/{rel}","templated":true}]}}