{"id":2367,"date":"2023-11-29T18:36:25","date_gmt":"2023-11-29T17:36:25","guid":{"rendered":"https:\/\/www.simplauto.com\/blog\/?page_id=2367"},"modified":"2023-11-29T18:36:27","modified_gmt":"2023-11-29T17:36:27","slug":"lors-de-ma-reservation-on-me-demande-le-type-de-vehicule-comment-le-connaitre","status":"publish","type":"page","link":"https:\/\/www.simplauto.com\/blog\/controle-technique\/preparer-le-controle-technique\/lors-de-ma-reservation-on-me-demande-le-type-de-vehicule-comment-le-connaitre\/","title":{"rendered":"Lors de ma r\u00e9servation, on me demande le type de v\u00e9hicule : comment le conna\u00eetre\u00a0?"},"content":{"rendered":"\n<pre class=\"wp-block-preformatted\"><em>Cet article est issu de notre <a href=\"https:\/\/www.simplauto.com\/blog\/guide-du-controle-technique\/\">guide du contr\u00f4le technique<\/a>, qui regroupe plus de 50 Questions-R\u00e9ponses relatives \u00e0 toutes les \u00e9tapes du contr\u00f4le technique&nbsp;: sa r\u00e9glementation, la pr\u00e9paration du contr\u00f4le technique, son d\u00e9roulement et enfin l'apr\u00e8s contr\u00f4le technique.<\/em><\/pre>\n\n\n\n<p>Lorsque vous prenez rendez-vous pour un contr\u00f4le technique, il est essentiel de conna\u00eetre le type de votre v\u00e9hicule. Cette information est cruciale car elle d\u00e9termine les sp\u00e9cificit\u00e9s du contr\u00f4le \u00e0 effectuer, et par cons\u00e9quent, le prix de la prestation. Voici comment d\u00e9terminer le type de votre v\u00e9hicule en vous basant sur votre carte grise.<\/p>\n\n\n\n<div id=\"ez-toc-container\" class=\"ez-toc-v2_0_75 counter-hierarchy ez-toc-counter ez-toc-grey ez-toc-container-direction\">\n<p class=\"ez-toc-title\" style=\"cursor:inherit\">Sommaire<\/p>\n<label for=\"ez-toc-cssicon-toggle-item-69d144cd4f103\" class=\"ez-toc-cssicon-toggle-label\"><span class=\"ez-toc-cssicon\"><span class=\"eztoc-hide\" style=\"display:none;\">Toggle<\/span><span class=\"ez-toc-icon-toggle-span\"><svg style=\"fill: #999;color:#999\" xmlns=\"http:\/\/www.w3.org\/2000\/svg\" class=\"list-377408\" width=\"20px\" height=\"20px\" viewBox=\"0 0 24 24\" fill=\"none\"><path d=\"M6 6H4v2h2V6zm14 0H8v2h12V6zM4 11h2v2H4v-2zm16 0H8v2h12v-2zM4 16h2v2H4v-2zm16 0H8v2h12v-2z\" fill=\"currentColor\"><\/path><\/svg><svg style=\"fill: #999;color:#999\" class=\"arrow-unsorted-368013\" xmlns=\"http:\/\/www.w3.org\/2000\/svg\" width=\"10px\" height=\"10px\" viewBox=\"0 0 24 24\" version=\"1.2\" baseProfile=\"tiny\"><path d=\"M18.2 9.3l-6.2-6.3-6.2 6.3c-.2.2-.3.4-.3.7s.1.5.3.7c.2.2.4.3.7.3h11c.3 0 .5-.1.7-.3.2-.2.3-.5.3-.7s-.1-.5-.3-.7zM5.8 14.7l6.2 6.3 6.2-6.3c.2-.2.3-.5.3-.7s-.1-.5-.3-.7c-.2-.2-.4-.3-.7-.3h-11c-.3 0-.5.1-.7.3-.2.2-.3.5-.3.7s.1.5.3.7z\"\/><\/svg><\/span><\/span><\/label><input type=\"checkbox\"  id=\"ez-toc-cssicon-toggle-item-69d144cd4f103\"  aria-label=\"Toggle\" \/><nav><ul class='ez-toc-list ez-toc-list-level-1 ' ><li class='ez-toc-page-1 ez-toc-heading-level-2'><a class=\"ez-toc-link ez-toc-heading-1\" href=\"https:\/\/www.simplauto.com\/blog\/controle-technique\/preparer-le-controle-technique\/lors-de-ma-reservation-on-me-demande-le-type-de-vehicule-comment-le-connaitre\/#Consultez_la_mention_sur_votre_carte_grise\" >Consultez la mention sur votre carte grise<\/a><\/li><li class='ez-toc-page-1 ez-toc-heading-level-2'><a class=\"ez-toc-link ez-toc-heading-2\" href=\"https:\/\/www.simplauto.com\/blog\/controle-technique\/preparer-le-controle-technique\/lors-de-ma-reservation-on-me-demande-le-type-de-vehicule-comment-le-connaitre\/#Pourquoi_est-ce_important\" >Pourquoi est-ce important ?<\/a><\/li><li class='ez-toc-page-1 ez-toc-heading-level-2'><a class=\"ez-toc-link ez-toc-heading-3\" href=\"https:\/\/www.simplauto.com\/blog\/controle-technique\/preparer-le-controle-technique\/lors-de-ma-reservation-on-me-demande-le-type-de-vehicule-comment-le-connaitre\/#Et_le_carburant\" >Et le carburant ?<\/a><\/li><li class='ez-toc-page-1 ez-toc-heading-level-2'><a class=\"ez-toc-link ez-toc-heading-4\" href=\"https:\/\/www.simplauto.com\/blog\/controle-technique\/preparer-le-controle-technique\/lors-de-ma-reservation-on-me-demande-le-type-de-vehicule-comment-le-connaitre\/#En_conclusion\" >En conclusion<\/a><\/li><\/ul><\/nav><\/div>\n<h2 class=\"wp-block-heading\"><span class=\"ez-toc-section\" id=\"Consultez_la_mention_sur_votre_carte_grise\"><\/span><strong>Consultez la mention sur votre carte grise<\/strong><span class=\"ez-toc-section-end\"><\/span><\/h2>\n\n\n\n<p>La carte grise, ou certificat d&rsquo;immatriculation, contient toutes les informations essentielles concernant votre v\u00e9hicule. Pour conna\u00eetre le type de votre v\u00e9hicule :<\/p>\n\n\n\n<ul class=\"wp-block-list\">\n<li>Si la mention <strong>VP<\/strong> est indiqu\u00e9e \u00e0 la case J.1, votre v\u00e9hicule est une \u00ab\u00a0Voiture\u00a0\u00bb ou \u00ab\u00a0V\u00e9hicule particulier\u00a0\u00bb. <\/li>\n\n\n\n<li>Si votre VP est \u00e9quip\u00e9 de 4 roues motrices, choisissez \u00ab\u00a0<strong>4&#215;4<\/strong>\u00ab\u00a0.<\/li>\n\n\n\n<li>Si la mention CTTE est pr\u00e9sente, votre v\u00e9hicule est un <strong>utilitaire<\/strong>.<\/li>\n\n\n\n<li>La mention VASP est indiqu\u00e9e pour les <strong>camping-cars<\/strong> et les v\u00e9hicules assimil\u00e9s.<\/li>\n\n\n\n<li>Enfin, il peut s&rsquo;agir d&rsquo;un v\u00e9hicule de <strong>collection<\/strong>, mais si c&rsquo;est le cas, son propri\u00e9taire est bien s\u00fbr parfaitement au courant.<\/li>\n<\/ul>\n\n\n\n<h2 class=\"wp-block-heading\"><span class=\"ez-toc-section\" id=\"Pourquoi_est-ce_important\"><\/span><strong>Pourquoi est-ce important ?<\/strong><span class=\"ez-toc-section-end\"><\/span><\/h2>\n\n\n\n<p>Conna\u00eetre le type de votre v\u00e9hicule est crucial car chaque type de v\u00e9hicule a des sp\u00e9cificit\u00e9s diff\u00e9rentes qui influencent le contr\u00f4le technique. Par exemple, un utilitaire sera contr\u00f4l\u00e9 diff\u00e9remment d&rsquo;une voiture particuli\u00e8re. <\/p>\n\n\n\n<h2 class=\"wp-block-heading\"><span class=\"ez-toc-section\" id=\"Et_le_carburant\"><\/span>Et le carburant ?<span class=\"ez-toc-section-end\"><\/span><\/h2>\n\n\n\n<p>Le carburant est \u00e9galement important pour d\u00e9terminer le temps qui sera pass\u00e9 sur votre v\u00e9hicule, et donc le prix de la prestation. Par exemple, un v\u00e9hicule GPL n\u00e9cessitera beaucoup plus de temps qu&rsquo;un v\u00e9hicule diesel, et un contr\u00f4leur habilit\u00e9 GPL devra \u00eatre pr\u00e9sent le jour du contr\u00f4le.<\/p>\n\n\n\n<h2 class=\"wp-block-heading\"><span class=\"ez-toc-section\" id=\"En_conclusion\"><\/span><strong>En conclusion<\/strong><span class=\"ez-toc-section-end\"><\/span><\/h2>\n\n\n\n<p>Avant de prendre rendez-vous pour votre contr\u00f4le technique, assurez-vous de bien conna\u00eetre le type de votre v\u00e9hicule. Cette simple v\u00e9rification vous \u00e9vitera des complications lors du contr\u00f4le (probl\u00e8me de temps allou\u00e9 au cr\u00e9neau que vous avez r\u00e9serv\u00e9, prix que vous avez r\u00e9gl\u00e9, personnel qualifi\u00e9 n\u00e9cessaire, etc&#8230;). Et pour r\u00e9server votre contr\u00f4le technique, n&rsquo;oubliez pas d&rsquo;utiliser notre moteur de recherche qui vous assure de trouver un <a href=\"https:\/\/www.simplauto.com\/\" title=\"contr\u00f4le technique pas cher\">contr\u00f4le technique pas cher<\/a> pr\u00e8s de chez vous !<\/p>\n\n\n\n<pre class=\"wp-block-verse\"><em><strong>\u00c0 lire \u00e9galement :<\/strong>\n<\/em><a href=\"https:\/\/www.simplauto.com\/blog\/controle-technique\/preparer-le-controle-technique\/delai-controle-technique\/\" title=\"Dans quel d\u00e9lai faire le contr\u00f4le technique ?\n\">Dans quel d\u00e9lai faire le contr\u00f4le technique ?\n<\/a><a href=\"https:\/\/www.simplauto.com\/blog\/controle-technique-voiture-neuve\/\" title=\"Quand faire le premier contr\u00f4le technique d\u2019une voiture neuve ?\n\">Quand faire le premier contr\u00f4le technique d\u2019une voiture neuve ?\n<\/a><a href=\"https:\/\/www.simplauto.com\/blog\/controle-technique\/preparer-le-controle-technique\/quand-faire-le-controle-technique-dune-voiture-doccasion\/\" title=\"Quand faire le contr\u00f4le technique d\u2019une voiture d\u2019occasion ?\n\">Quand faire le contr\u00f4le technique d\u2019une voiture d\u2019occasion ?\n<\/a><a href=\"https:\/\/www.simplauto.com\/blog\/controle-technique\/preparer-le-controle-technique\/quel-est-le-delai-de-validite-du-controle-technique-pour-la-vente-dune-voiture\/\" title=\"Quel est le d\u00e9lai de validit\u00e9 du contr\u00f4le technique pour la vente d\u2019une voiture ?\n\">Quel est le d\u00e9lai de validit\u00e9 du contr\u00f4le technique pour la vente d\u2019une voiture ?\n<\/a><a href=\"https:\/\/www.simplauto.com\/blog\/controle-technique\/preparer-le-controle-technique\/delai-controle-technique\/calculer-date-prochain-controle-technique\/\" title=\"Comment calculer la date de mon prochain contr\u00f4le technique ?\n\">Comment calculer la date de mon prochain contr\u00f4le technique ?\n<\/a><a href=\"https:\/\/www.simplauto.com\/blog\/controle-technique\/preparer-le-controle-technique\/ou-faire-mon-controle-technique\/\" title=\"O\u00f9 faire mon contr\u00f4le technique ?\n\">O\u00f9 faire mon contr\u00f4le technique ?\n<\/a><a href=\"https:\/\/www.simplauto.com\/blog\/controle-technique\/preparer-le-controle-technique\/comment-sassurer-quun-centre-de-controle-technique-est-bien-agree\/\" title=\"Comment s\u2019assurer qu\u2019un centre de contr\u00f4le technique est bien agr\u00e9\u00e9 ?\n\">Comment s\u2019assurer qu\u2019un centre de contr\u00f4le technique est bien agr\u00e9\u00e9 ?\n<\/a><a href=\"https:\/\/www.simplauto.com\/blog\/garages-controle-technique\/\" title=\"Les garages r\u00e9alisent-ils le contr\u00f4le technique ?\n\">Les garages r\u00e9alisent-ils le contr\u00f4le technique ?\n<\/a><a href=\"https:\/\/www.simplauto.com\/blog\/prix-controle-technique\/\" title=\"Combien co\u00fbte le contr\u00f4le technique ?\n\">Combien co\u00fbte le contr\u00f4le technique ?\n<\/a><a href=\"https:\/\/www.simplauto.com\/blog\/controle-technique\/preparer-le-controle-technique\/controle-technique-pas-cher\/\" title=\"Comment trouver un contr\u00f4le technique pas cher ?\n\">Comment trouver un contr\u00f4le technique pas cher ?\n<\/a><a href=\"https:\/\/www.simplauto.com\/blog\/controle-technique\/preparer-le-controle-technique\/comment-prendre-rendez-vous-pour-mon-controle-technique\/\" title=\"Comment prendre rendez-vous pour mon contr\u00f4le technique ?\n\">Comment prendre rendez-vous pour mon contr\u00f4le technique ?\n<\/a><a href=\"https:\/\/www.simplauto.com\/blog\/controle-technique\/preparer-le-controle-technique\/pre-controle-technique-arnaque\/\" title=\"Qu\u2019est-ce qu\u2019un pr\u00e9 contr\u00f4le technique ?\n\">Qu\u2019est-ce qu\u2019un pr\u00e9 contr\u00f4le technique ?\n<\/a><a href=\"https:\/\/www.simplauto.com\/blog\/controle-technique\/preparer-le-controle-technique\/comment-eviter-une-contre-visite\/\" title=\"Comment \u00e9viter une contre-visite ?\">Comment \u00e9viter une contre-visite ?<\/a><\/pre>\n","protected":false},"excerpt":{"rendered":"<p>Cet article est issu de notre guide du contr\u00f4le technique, qui regroupe plus de 50 Questions-R\u00e9ponses relatives \u00e0 toutes les \u00e9tapes du contr\u00f4le technique&nbsp;: sa r\u00e9glementation, la pr\u00e9paration du contr\u00f4le technique, son d\u00e9roulement et enfin l&rsquo;apr\u00e8s contr\u00f4le technique. Lorsque vous prenez rendez-vous pour un contr\u00f4le technique, il est essentiel de conna\u00eetre le type de votre<\/p>\n","protected":false},"author":1,"featured_media":0,"parent":1765,"menu_order":0,"comment_status":"closed","ping_status":"closed","template":"","meta":{"footnotes":""},"class_list":["post-2367","page","type-page","status-publish"],"_links":{"self":[{"href":"https:\/\/www.simplauto.com\/blog\/wp-json\/wp\/v2\/pages\/2367","targetHints":{"allow":["GET"]}}],"collection":[{"href":"https:\/\/www.simplauto.com\/blog\/wp-json\/wp\/v2\/pages"}],"about":[{"href":"https:\/\/www.simplauto.com\/blog\/wp-json\/wp\/v2\/types\/page"}],"author":[{"embeddable":true,"href":"https:\/\/www.simplauto.com\/blog\/wp-json\/wp\/v2\/users\/1"}],"replies":[{"embeddable":true,"href":"https:\/\/www.simplauto.com\/blog\/wp-json\/wp\/v2\/comments?post=2367"}],"version-history":[{"count":3,"href":"https:\/\/www.simplauto.com\/blog\/wp-json\/wp\/v2\/pages\/2367\/revisions"}],"predecessor-version":[{"id":2433,"href":"https:\/\/www.simplauto.com\/blog\/wp-json\/wp\/v2\/pages\/2367\/revisions\/2433"}],"up":[{"embeddable":true,"href":"https:\/\/www.simplauto.com\/blog\/wp-json\/wp\/v2\/pages\/1765"}],"wp:attachment":[{"href":"https:\/\/www.simplauto.com\/blog\/wp-json\/wp\/v2\/media?parent=2367"}],"curies":[{"name":"wp","href":"https:\/\/api.w.org\/{rel}","templated":true}]}}