{"id":2363,"date":"2023-11-29T18:35:05","date_gmt":"2023-11-29T17:35:05","guid":{"rendered":"https:\/\/www.simplauto.com\/blog\/?page_id=2363"},"modified":"2023-11-29T18:35:05","modified_gmt":"2023-11-29T17:35:05","slug":"comment-prendre-rendez-vous-pour-mon-controle-technique","status":"publish","type":"page","link":"https:\/\/www.simplauto.com\/blog\/controle-technique\/preparer-le-controle-technique\/comment-prendre-rendez-vous-pour-mon-controle-technique\/","title":{"rendered":"Comment prendre rendez-vous pour mon contr\u00f4le technique ?"},"content":{"rendered":"\n<pre class=\"wp-block-preformatted\">Cet article est issu de notre <a href=\"https:\/\/www.simplauto.com\/blog\/guide-du-controle-technique\/\" title=\"guide du contr\u00f4le technique\">guide du contr\u00f4le technique<\/a>, qui regroupe plus de 50 Questions-R\u00e9ponses relatives \u00e0 toutes les \u00e9tapes du contr\u00f4le technique : sa r\u00e9glementation, la pr\u00e9paration du contr\u00f4le technique, son d\u00e9roulement et enfin l'apr\u00e8s contr\u00f4le technique.<\/pre>\n\n\n\n<p>Le contr\u00f4le technique est une \u00e9tape cruciale pour garantir la s\u00e9curit\u00e9 de votre v\u00e9hicule et de ses occupants. Anticiper sa r\u00e9servation pr\u00e9sente de nombreux avantages, notamment en termes de tarifs et de disponibilit\u00e9. Voici comment proc\u00e9der pour r\u00e9server votre cr\u00e9neau dans un centre agr\u00e9\u00e9.<\/p>\n\n\n\n<div id=\"ez-toc-container\" class=\"ez-toc-v2_0_75 counter-hierarchy ez-toc-counter ez-toc-grey ez-toc-container-direction\">\n<p class=\"ez-toc-title\" style=\"cursor:inherit\">Sommaire<\/p>\n<label for=\"ez-toc-cssicon-toggle-item-69f5eb097551b\" class=\"ez-toc-cssicon-toggle-label\"><span class=\"ez-toc-cssicon\"><span class=\"eztoc-hide\" style=\"display:none;\">Toggle<\/span><span class=\"ez-toc-icon-toggle-span\"><svg style=\"fill: #999;color:#999\" xmlns=\"http:\/\/www.w3.org\/2000\/svg\" class=\"list-377408\" width=\"20px\" height=\"20px\" viewBox=\"0 0 24 24\" fill=\"none\"><path d=\"M6 6H4v2h2V6zm14 0H8v2h12V6zM4 11h2v2H4v-2zm16 0H8v2h12v-2zM4 16h2v2H4v-2zm16 0H8v2h12v-2z\" fill=\"currentColor\"><\/path><\/svg><svg style=\"fill: #999;color:#999\" class=\"arrow-unsorted-368013\" xmlns=\"http:\/\/www.w3.org\/2000\/svg\" width=\"10px\" height=\"10px\" viewBox=\"0 0 24 24\" version=\"1.2\" baseProfile=\"tiny\"><path d=\"M18.2 9.3l-6.2-6.3-6.2 6.3c-.2.2-.3.4-.3.7s.1.5.3.7c.2.2.4.3.7.3h11c.3 0 .5-.1.7-.3.2-.2.3-.5.3-.7s-.1-.5-.3-.7zM5.8 14.7l6.2 6.3 6.2-6.3c.2-.2.3-.5.3-.7s-.1-.5-.3-.7c-.2-.2-.4-.3-.7-.3h-11c-.3 0-.5.1-.7.3-.2.2-.3.5-.3.7s.1.5.3.7z\"\/><\/svg><\/span><\/span><\/label><input type=\"checkbox\"  id=\"ez-toc-cssicon-toggle-item-69f5eb097551b\"  aria-label=\"Toggle\" \/><nav><ul class='ez-toc-list ez-toc-list-level-1 ' ><li class='ez-toc-page-1 ez-toc-heading-level-3'><a class=\"ez-toc-link ez-toc-heading-1\" href=\"https:\/\/www.simplauto.com\/blog\/controle-technique\/preparer-le-controle-technique\/comment-prendre-rendez-vous-pour-mon-controle-technique\/#Les_avantages_de_la_reservation_anticipee\" >Les avantages de la r\u00e9servation anticip\u00e9e<\/a><\/li><li class='ez-toc-page-1 ez-toc-heading-level-3'><a class=\"ez-toc-link ez-toc-heading-2\" href=\"https:\/\/www.simplauto.com\/blog\/controle-technique\/preparer-le-controle-technique\/comment-prendre-rendez-vous-pour-mon-controle-technique\/#Comment_reserver_avec_Simplauto\" >Comment r\u00e9server avec Simplauto ?<\/a><\/li><li class='ez-toc-page-1 ez-toc-heading-level-3'><a class=\"ez-toc-link ez-toc-heading-3\" href=\"https:\/\/www.simplauto.com\/blog\/controle-technique\/preparer-le-controle-technique\/comment-prendre-rendez-vous-pour-mon-controle-technique\/#Autres_options_de_reservation\" >Autres options de r\u00e9servation<\/a><\/li><\/ul><\/nav><\/div>\n<h3 class=\"wp-block-heading\"><span class=\"ez-toc-section\" id=\"Les_avantages_de_la_reservation_anticipee\"><\/span>Les avantages de la r\u00e9servation anticip\u00e9e<span class=\"ez-toc-section-end\"><\/span><\/h3>\n\n\n\n<ol class=\"wp-block-list\">\n<li><strong>B\u00e9n\u00e9ficier des meilleurs tarifs<\/strong> : En r\u00e9servant \u00e0 l&rsquo;avance, notamment sur des plateformes comme Simplauto, vous avez la possibilit\u00e9 de profiter des tarifs les plus comp\u00e9titifs. Les promotions et les offres sp\u00e9ciales sont souvent disponibles pour ceux qui planifient leur contr\u00f4le technique en avance.<\/li>\n\n\n\n<li><strong>Plus de choix sur les cr\u00e9neaux horaires<\/strong> : Anticiper votre r\u00e9servation vous donne \u00e9galement l&rsquo;avantage de choisir parmi une plus grande vari\u00e9t\u00e9 de cr\u00e9neaux horaires. Cela vous permet de s\u00e9lectionner une heure qui s&rsquo;adapte parfaitement \u00e0 votre emploi du temps.<\/li>\n<\/ol>\n\n\n\n<h3 class=\"wp-block-heading\"><span class=\"ez-toc-section\" id=\"Comment_reserver_avec_Simplauto\"><\/span>Comment r\u00e9server avec Simplauto ?<span class=\"ez-toc-section-end\"><\/span><\/h3>\n\n\n\n<p>Nous vous recommandons de commencer votre recherche de cr\u00e9neaux et de tarifs sur <a href=\"https:\/\/www.simplauto.com\/\">notre plateforme de r\u00e9servation Simplauto<\/a>. En quelques clics, vous pouvez comparer les prix des diff\u00e9rents centres de contr\u00f4le technique \u00e0 proximit\u00e9 et choisir l&rsquo;offre qui vous convient le mieux.<\/p>\n\n\n\n<p>Apr\u00e8s votre r\u00e9servation, vous pourrez <a href=\"https:\/\/www.simplauto.com\/blog\/controle-technique\/preparer-le-controle-technique\/\" title=\"pr\u00e9parer votre v\u00e9hicule passer le contr\u00f4le technique\">pr\u00e9parer votre v\u00e9hicule passer le contr\u00f4le technique<\/a> dans les meilleures conditions.<\/p>\n\n\n\n<h3 class=\"wp-block-heading\"><span class=\"ez-toc-section\" id=\"Autres_options_de_reservation\"><\/span>Autres options de r\u00e9servation<span class=\"ez-toc-section-end\"><\/span><\/h3>\n\n\n\n<p>Si, pour une raison quelconque, vous ne trouvez pas ce que vous cherchez sur Simplauto, vous pouvez \u00e9galement prendre rendez-vous directement sur le site web du r\u00e9seau du centre de contr\u00f4le technique de votre choix. La plupart des r\u00e9seaux offrent aujourd&rsquo;hui la possibilit\u00e9 de r\u00e9server en ligne.<\/p>\n\n\n\n<pre class=\"wp-block-verse\"><em><strong>\u00c0 lire \u00e9galement :<\/strong>\n<\/em><a href=\"https:\/\/www.simplauto.com\/blog\/controle-technique\/preparer-le-controle-technique\/delai-controle-technique\/\" title=\"Dans quel d\u00e9lai faire le contr\u00f4le technique ?\n\">Dans quel d\u00e9lai faire le contr\u00f4le technique ?\n<\/a><a href=\"https:\/\/www.simplauto.com\/blog\/controle-technique-voiture-neuve\/\" title=\"Quand faire le premier contr\u00f4le technique d\u2019une voiture neuve ?\n\">Quand faire le premier contr\u00f4le technique d\u2019une voiture neuve ?\n<\/a><a href=\"https:\/\/www.simplauto.com\/blog\/controle-technique\/preparer-le-controle-technique\/quand-faire-le-controle-technique-dune-voiture-doccasion\/\" title=\"Quand faire le contr\u00f4le technique d\u2019une voiture d\u2019occasion ?\n\">Quand faire le contr\u00f4le technique d\u2019une voiture d\u2019occasion ?\n<\/a><a href=\"https:\/\/www.simplauto.com\/blog\/controle-technique\/preparer-le-controle-technique\/quel-est-le-delai-de-validite-du-controle-technique-pour-la-vente-dune-voiture\/\" title=\"Quel est le d\u00e9lai de validit\u00e9 du contr\u00f4le technique pour la vente d\u2019une voiture ?\n\">Quel est le d\u00e9lai de validit\u00e9 du contr\u00f4le technique pour la vente d\u2019une voiture ?\n<\/a><a href=\"https:\/\/www.simplauto.com\/blog\/controle-technique\/preparer-le-controle-technique\/delai-controle-technique\/calculer-date-prochain-controle-technique\/\" title=\"Comment calculer la date de mon prochain contr\u00f4le technique ?\n\">Comment calculer la date de mon prochain contr\u00f4le technique ?\n<\/a><a href=\"https:\/\/www.simplauto.com\/blog\/controle-technique\/preparer-le-controle-technique\/ou-faire-mon-controle-technique\/\" title=\"O\u00f9 faire mon contr\u00f4le technique ?\n\">O\u00f9 faire mon contr\u00f4le technique ?\n<\/a><a href=\"https:\/\/www.simplauto.com\/blog\/controle-technique\/preparer-le-controle-technique\/comment-sassurer-quun-centre-de-controle-technique-est-bien-agree\/\" title=\"Comment s\u2019assurer qu\u2019un centre de contr\u00f4le technique est bien agr\u00e9\u00e9 ?\n\">Comment s\u2019assurer qu\u2019un centre de contr\u00f4le technique est bien agr\u00e9\u00e9 ?\n<\/a><a href=\"https:\/\/www.simplauto.com\/blog\/garages-controle-technique\/\" title=\"Les garages r\u00e9alisent-ils le contr\u00f4le technique ?\n\">Les garages r\u00e9alisent-ils le contr\u00f4le technique ?\n<\/a><a href=\"https:\/\/www.simplauto.com\/blog\/prix-controle-technique\/\" title=\"Combien co\u00fbte le contr\u00f4le technique ?\n\">Combien co\u00fbte le contr\u00f4le technique ?\n<\/a><a href=\"https:\/\/www.simplauto.com\/blog\/controle-technique\/preparer-le-controle-technique\/controle-technique-pas-cher\/\" title=\"Comment trouver un contr\u00f4le technique pas cher ?\n\">Comment trouver un contr\u00f4le technique pas cher ?<\/a><a href=\"https:\/\/www.simplauto.com\/blog\/controle-technique\/preparer-le-controle-technique\/comment-prendre-rendez-vous-pour-mon-controle-technique\/\" title=\"Comment prendre rendez-vous pour mon contr\u00f4le technique ?\n\">\n<\/a><a href=\"https:\/\/www.simplauto.com\/blog\/controle-technique\/preparer-le-controle-technique\/lors-de-ma-reservation-on-me-demande-le-type-de-vehicule-comment-le-connaitre\/\" title=\"Lors de ma r\u00e9servation, on me demande le type de v\u00e9hicule : comment le conna\u00eetre ?\n\">Lors de ma r\u00e9servation, on me demande le type de v\u00e9hicule : comment le conna\u00eetre ?\n<\/a><a href=\"https:\/\/www.simplauto.com\/blog\/controle-technique\/preparer-le-controle-technique\/pre-controle-technique-arnaque\/\" title=\"Qu\u2019est-ce qu\u2019un pr\u00e9 contr\u00f4le technique ?\n\">Qu\u2019est-ce qu\u2019un pr\u00e9 contr\u00f4le technique ?\n<\/a><a href=\"https:\/\/www.simplauto.com\/blog\/controle-technique\/preparer-le-controle-technique\/comment-eviter-une-contre-visite\/\" title=\"Comment \u00e9viter une contre-visite ?\">Comment \u00e9viter une contre-visite ?<\/a><\/pre>\n","protected":false},"excerpt":{"rendered":"<p>Cet article est issu de notre guide du contr\u00f4le technique, qui regroupe plus de 50 Questions-R\u00e9ponses relatives \u00e0 toutes les \u00e9tapes du contr\u00f4le technique : sa r\u00e9glementation, la pr\u00e9paration du contr\u00f4le technique, son d\u00e9roulement et enfin l&rsquo;apr\u00e8s contr\u00f4le technique. Le contr\u00f4le technique est une \u00e9tape cruciale pour garantir la s\u00e9curit\u00e9 de votre v\u00e9hicule et de<\/p>\n","protected":false},"author":1,"featured_media":0,"parent":1765,"menu_order":0,"comment_status":"closed","ping_status":"closed","template":"","meta":{"footnotes":""},"class_list":["post-2363","page","type-page","status-publish"],"_links":{"self":[{"href":"https:\/\/www.simplauto.com\/blog\/wp-json\/wp\/v2\/pages\/2363","targetHints":{"allow":["GET"]}}],"collection":[{"href":"https:\/\/www.simplauto.com\/blog\/wp-json\/wp\/v2\/pages"}],"about":[{"href":"https:\/\/www.simplauto.com\/blog\/wp-json\/wp\/v2\/types\/page"}],"author":[{"embeddable":true,"href":"https:\/\/www.simplauto.com\/blog\/wp-json\/wp\/v2\/users\/1"}],"replies":[{"embeddable":true,"href":"https:\/\/www.simplauto.com\/blog\/wp-json\/wp\/v2\/comments?post=2363"}],"version-history":[{"count":2,"href":"https:\/\/www.simplauto.com\/blog\/wp-json\/wp\/v2\/pages\/2363\/revisions"}],"predecessor-version":[{"id":2432,"href":"https:\/\/www.simplauto.com\/blog\/wp-json\/wp\/v2\/pages\/2363\/revisions\/2432"}],"up":[{"embeddable":true,"href":"https:\/\/www.simplauto.com\/blog\/wp-json\/wp\/v2\/pages\/1765"}],"wp:attachment":[{"href":"https:\/\/www.simplauto.com\/blog\/wp-json\/wp\/v2\/media?parent=2363"}],"curies":[{"name":"wp","href":"https:\/\/api.w.org\/{rel}","templated":true}]}}