{"id":2361,"date":"2023-11-29T18:32:37","date_gmt":"2023-11-29T17:32:37","guid":{"rendered":"https:\/\/www.simplauto.com\/blog\/?page_id=2361"},"modified":"2023-11-29T18:32:38","modified_gmt":"2023-11-29T17:32:38","slug":"comment-sassurer-quun-centre-de-controle-technique-est-bien-agree","status":"publish","type":"page","link":"https:\/\/www.simplauto.com\/blog\/controle-technique\/preparer-le-controle-technique\/comment-sassurer-quun-centre-de-controle-technique-est-bien-agree\/","title":{"rendered":"Comment s\u2019assurer qu\u2019un centre de contr\u00f4le technique est bien agr\u00e9\u00e9 ?"},"content":{"rendered":"\n<pre class=\"wp-block-preformatted\">Cet article est issu de notre <a href=\"https:\/\/www.simplauto.com\/blog\/guide-du-controle-technique\/\" title=\"guide du contr\u00f4le technique\">guide du contr\u00f4le technique<\/a>, qui regroupe plus de 50 Questions-R\u00e9ponses relatives \u00e0 toutes les \u00e9tapes du contr\u00f4le technique : sa r\u00e9glementation, la pr\u00e9paration du contr\u00f4le technique, son d\u00e9roulement et enfin l'apr\u00e8s contr\u00f4le technique.<\/pre>\n\n\n\n<p>Lorsque vous devez faire contr\u00f4ler votre v\u00e9hicule, il est imp\u00e9ratif de choisir un centre de contr\u00f4le technique agr\u00e9\u00e9. Mais comment s&rsquo;assurer que le centre que vous avez choisi est bien agr\u00e9\u00e9 ? Voici quelques \u00e9tapes \u00e0 suivre pour v\u00e9rifier l&rsquo;agr\u00e9ment d&rsquo;un centre de contr\u00f4le technique.<\/p>\n\n\n\n<div id=\"ez-toc-container\" class=\"ez-toc-v2_0_75 counter-hierarchy ez-toc-counter ez-toc-grey ez-toc-container-direction\">\n<p class=\"ez-toc-title\" style=\"cursor:inherit\">Sommaire<\/p>\n<label for=\"ez-toc-cssicon-toggle-item-69e09e689f80c\" class=\"ez-toc-cssicon-toggle-label\"><span class=\"ez-toc-cssicon\"><span class=\"eztoc-hide\" style=\"display:none;\">Toggle<\/span><span class=\"ez-toc-icon-toggle-span\"><svg style=\"fill: #999;color:#999\" xmlns=\"http:\/\/www.w3.org\/2000\/svg\" class=\"list-377408\" width=\"20px\" height=\"20px\" viewBox=\"0 0 24 24\" fill=\"none\"><path d=\"M6 6H4v2h2V6zm14 0H8v2h12V6zM4 11h2v2H4v-2zm16 0H8v2h12v-2zM4 16h2v2H4v-2zm16 0H8v2h12v-2z\" fill=\"currentColor\"><\/path><\/svg><svg style=\"fill: #999;color:#999\" class=\"arrow-unsorted-368013\" xmlns=\"http:\/\/www.w3.org\/2000\/svg\" width=\"10px\" height=\"10px\" viewBox=\"0 0 24 24\" version=\"1.2\" baseProfile=\"tiny\"><path d=\"M18.2 9.3l-6.2-6.3-6.2 6.3c-.2.2-.3.4-.3.7s.1.5.3.7c.2.2.4.3.7.3h11c.3 0 .5-.1.7-.3.2-.2.3-.5.3-.7s-.1-.5-.3-.7zM5.8 14.7l6.2 6.3 6.2-6.3c.2-.2.3-.5.3-.7s-.1-.5-.3-.7c-.2-.2-.4-.3-.7-.3h-11c-.3 0-.5.1-.7.3-.2.2-.3.5-.3.7s.1.5.3.7z\"\/><\/svg><\/span><\/span><\/label><input type=\"checkbox\"  id=\"ez-toc-cssicon-toggle-item-69e09e689f80c\"  aria-label=\"Toggle\" \/><nav><ul class='ez-toc-list ez-toc-list-level-1 ' ><li class='ez-toc-page-1 ez-toc-heading-level-3'><a class=\"ez-toc-link ez-toc-heading-1\" href=\"https:\/\/www.simplauto.com\/blog\/controle-technique\/preparer-le-controle-technique\/comment-sassurer-quun-centre-de-controle-technique-est-bien-agree\/#Pourquoi_est-il_important_de_choisir_un_centre_agree\" >Pourquoi est-il important de choisir un centre agr\u00e9\u00e9 ?<\/a><\/li><li class='ez-toc-page-1 ez-toc-heading-level-3'><a class=\"ez-toc-link ez-toc-heading-2\" href=\"https:\/\/www.simplauto.com\/blog\/controle-technique\/preparer-le-controle-technique\/comment-sassurer-quun-centre-de-controle-technique-est-bien-agree\/#Verifier_la_presence_de_la_plaque_officielle\" >V\u00e9rifier la pr\u00e9sence de la plaque officielle<\/a><\/li><li class='ez-toc-page-1 ez-toc-heading-level-3'><a class=\"ez-toc-link ez-toc-heading-3\" href=\"https:\/\/www.simplauto.com\/blog\/controle-technique\/preparer-le-controle-technique\/comment-sassurer-quun-centre-de-controle-technique-est-bien-agree\/#Consulter_le_site_de_lOTC\" >Consulter le site de l&rsquo;OTC<\/a><\/li><li class='ez-toc-page-1 ez-toc-heading-level-3'><a class=\"ez-toc-link ez-toc-heading-4\" href=\"https:\/\/www.simplauto.com\/blog\/controle-technique\/preparer-le-controle-technique\/comment-sassurer-quun-centre-de-controle-technique-est-bien-agree\/#Utiliser_notre_plateforme_de_reservation_Simplauto\" >Utiliser notre plateforme de r\u00e9servation Simplauto<\/a><\/li><li class='ez-toc-page-1 ez-toc-heading-level-3'><a class=\"ez-toc-link ez-toc-heading-5\" href=\"https:\/\/www.simplauto.com\/blog\/controle-technique\/preparer-le-controle-technique\/comment-sassurer-quun-centre-de-controle-technique-est-bien-agree\/#Demander_au_personnel_du_centre\" >Demander au personnel du centre<\/a><\/li><\/ul><\/nav><\/div>\n<h3 class=\"wp-block-heading\"><span class=\"ez-toc-section\" id=\"Pourquoi_est-il_important_de_choisir_un_centre_agree\"><\/span>Pourquoi est-il important de choisir un centre agr\u00e9\u00e9 ?<span class=\"ez-toc-section-end\"><\/span><\/h3>\n\n\n\n<p>Un centre de contr\u00f4le technique agr\u00e9\u00e9 est un \u00e9tablissement qui a re\u00e7u une autorisation officielle de la part de l&rsquo;Organisme Technique Central (OTC) pour effectuer des contr\u00f4les techniques. Cette autorisation garantit que le centre respecte les normes et r\u00e9glementations en vigueur en France. <\/p>\n\n\n\n<h3 class=\"wp-block-heading\"><span class=\"ez-toc-section\" id=\"Verifier_la_presence_de_la_plaque_officielle\"><\/span>V\u00e9rifier la pr\u00e9sence de la plaque officielle<span class=\"ez-toc-section-end\"><\/span><\/h3>\n\n\n\n<p>Tous les centres agr\u00e9\u00e9s doivent afficher une plaque officielle indiquant leur num\u00e9ro d&rsquo;agr\u00e9ment. Cette plaque est g\u00e9n\u00e9ralement plac\u00e9e \u00e0 l&rsquo;entr\u00e9e du centre ou dans la salle d&rsquo;attente. Elle mentionne le num\u00e9ro d&rsquo;agr\u00e9ment du centre et la date de validit\u00e9 de cet agr\u00e9ment.<\/p>\n\n\n\n<h3 class=\"wp-block-heading\"><span class=\"ez-toc-section\" id=\"Consulter_le_site_de_lOTC\"><\/span>Consulter le site de l&rsquo;OTC<span class=\"ez-toc-section-end\"><\/span><\/h3>\n\n\n\n<p>L&rsquo;Organisme Technique Central (OTC) est l&rsquo;organisme en charge de la r\u00e9glementation et de la supervision des contr\u00f4les techniques en France. Vous pouvez consulter <a href=\"https:\/\/www.utac-otc.com\/\">le site officiel de l&rsquo;OTC<\/a> pour obtenir la liste des centres agr\u00e9\u00e9s dans votre r\u00e9gion.<\/p>\n\n\n\n<h3 class=\"wp-block-heading\"><span class=\"ez-toc-section\" id=\"Utiliser_notre_plateforme_de_reservation_Simplauto\"><\/span>Utiliser notre plateforme de r\u00e9servation Simplauto<span class=\"ez-toc-section-end\"><\/span><\/h3>\n\n\n\n<p>Sur notre plateforme de r\u00e9servation Simplauto, nous ne r\u00e9f\u00e9ren\u00e7ons que des centres de contr\u00f4le technique agr\u00e9\u00e9s. En r\u00e9servant votre <a href=\"https:\/\/www.simplauto.com\/\">contr\u00f4le technique pas cher<\/a> via notre plateforme, vous avez donc la garantie de choisir un centre agr\u00e9\u00e9. Vous profitez par ailleurs de nos tarifs tr\u00e8s attractifs (-30% en moyenne par rapport au prix officiel).<\/p>\n\n\n\n<h3 class=\"wp-block-heading\"><span class=\"ez-toc-section\" id=\"Demander_au_personnel_du_centre\"><\/span>Demander au personnel du centre<span class=\"ez-toc-section-end\"><\/span><\/h3>\n\n\n\n<p>Si vous avez un doute sur l&rsquo;agr\u00e9ment d&rsquo;un centre, n&rsquo;h\u00e9sitez pas \u00e0 demander au personnel de vous montrer leur certificat d&rsquo;agr\u00e9ment. Ils doivent \u00eatre en mesure de vous le pr\u00e9senter.<\/p>\n\n\n\n<pre class=\"wp-block-verse\"><em><strong>\u00c0 lire \u00e9galement :<\/strong>\n<\/em><a href=\"https:\/\/www.simplauto.com\/blog\/controle-technique\/preparer-le-controle-technique\/delai-controle-technique\/\" title=\"Dans quel d\u00e9lai faire le contr\u00f4le technique ?\n\">Dans quel d\u00e9lai faire le contr\u00f4le technique ?\n<\/a><a href=\"https:\/\/www.simplauto.com\/blog\/controle-technique-voiture-neuve\/\" title=\"Quand faire le premier contr\u00f4le technique d\u2019une voiture neuve ?\n\">Quand faire le premier contr\u00f4le technique d\u2019une voiture neuve ?\n<\/a><a href=\"https:\/\/www.simplauto.com\/blog\/controle-technique\/preparer-le-controle-technique\/quand-faire-le-controle-technique-dune-voiture-doccasion\/\" title=\"Quand faire le contr\u00f4le technique d\u2019une voiture d\u2019occasion ?\n\">Quand faire le contr\u00f4le technique d\u2019une voiture d\u2019occasion ?\n<\/a><a href=\"https:\/\/www.simplauto.com\/blog\/controle-technique\/preparer-le-controle-technique\/quel-est-le-delai-de-validite-du-controle-technique-pour-la-vente-dune-voiture\/\" title=\"Quel est le d\u00e9lai de validit\u00e9 du contr\u00f4le technique pour la vente d\u2019une voiture ?\n\">Quel est le d\u00e9lai de validit\u00e9 du contr\u00f4le technique pour la vente d\u2019une voiture ?\n<\/a><a href=\"https:\/\/www.simplauto.com\/blog\/controle-technique\/preparer-le-controle-technique\/delai-controle-technique\/calculer-date-prochain-controle-technique\/\" title=\"Comment calculer la date de mon prochain contr\u00f4le technique ?\n\">Comment calculer la date de mon prochain contr\u00f4le technique ?\n<\/a><a href=\"https:\/\/www.simplauto.com\/blog\/controle-technique\/preparer-le-controle-technique\/ou-faire-mon-controle-technique\/\" title=\"O\u00f9 faire mon contr\u00f4le technique ?\n\">O\u00f9 faire mon contr\u00f4le technique ?<\/a><a href=\"https:\/\/www.simplauto.com\/blog\/controle-technique\/preparer-le-controle-technique\/comment-sassurer-quun-centre-de-controle-technique-est-bien-agree\/\" title=\"Comment s\u2019assurer qu\u2019un centre de contr\u00f4le technique est bien agr\u00e9\u00e9 ?\n\">\n<\/a><a href=\"https:\/\/www.simplauto.com\/blog\/garages-controle-technique\/\" title=\"Les garages r\u00e9alisent-ils le contr\u00f4le technique ?\n\">Les garages r\u00e9alisent-ils le contr\u00f4le technique ?\n<\/a><a href=\"https:\/\/www.simplauto.com\/blog\/prix-controle-technique\/\" title=\"Combien co\u00fbte le contr\u00f4le technique ?\n\">Combien co\u00fbte le contr\u00f4le technique ?\n<\/a><a href=\"https:\/\/www.simplauto.com\/blog\/controle-technique\/preparer-le-controle-technique\/controle-technique-pas-cher\/\" title=\"Comment trouver un contr\u00f4le technique pas cher ?\n\">Comment trouver un contr\u00f4le technique pas cher ?\n<\/a><a href=\"https:\/\/www.simplauto.com\/blog\/controle-technique\/preparer-le-controle-technique\/comment-prendre-rendez-vous-pour-mon-controle-technique\/\" title=\"Comment prendre rendez-vous pour mon contr\u00f4le technique ?\n\">Comment prendre rendez-vous pour mon contr\u00f4le technique ?\n<\/a><a href=\"https:\/\/www.simplauto.com\/blog\/controle-technique\/preparer-le-controle-technique\/lors-de-ma-reservation-on-me-demande-le-type-de-vehicule-comment-le-connaitre\/\" title=\"Lors de ma r\u00e9servation, on me demande le type de v\u00e9hicule : comment le conna\u00eetre ?\n\">Lors de ma r\u00e9servation, on me demande le type de v\u00e9hicule : comment le conna\u00eetre ?\n<\/a><a href=\"https:\/\/www.simplauto.com\/blog\/controle-technique\/preparer-le-controle-technique\/pre-controle-technique-arnaque\/\" title=\"Qu\u2019est-ce qu\u2019un pr\u00e9 contr\u00f4le technique ?\n\">Qu\u2019est-ce qu\u2019un pr\u00e9 contr\u00f4le technique ?\n<\/a><a href=\"https:\/\/www.simplauto.com\/blog\/controle-technique\/preparer-le-controle-technique\/comment-eviter-une-contre-visite\/\" title=\"Comment \u00e9viter une contre-visite ?\">Comment \u00e9viter une contre-visite ?<\/a><\/pre>\n","protected":false},"excerpt":{"rendered":"<p>Cet article est issu de notre guide du contr\u00f4le technique, qui regroupe plus de 50 Questions-R\u00e9ponses relatives \u00e0 toutes les \u00e9tapes du contr\u00f4le technique : sa r\u00e9glementation, la pr\u00e9paration du contr\u00f4le technique, son d\u00e9roulement et enfin l&rsquo;apr\u00e8s contr\u00f4le technique. Lorsque vous devez faire contr\u00f4ler votre v\u00e9hicule, il est imp\u00e9ratif de choisir un centre de contr\u00f4le<\/p>\n","protected":false},"author":1,"featured_media":0,"parent":1765,"menu_order":0,"comment_status":"closed","ping_status":"closed","template":"","meta":{"footnotes":""},"class_list":["post-2361","page","type-page","status-publish"],"_links":{"self":[{"href":"https:\/\/www.simplauto.com\/blog\/wp-json\/wp\/v2\/pages\/2361","targetHints":{"allow":["GET"]}}],"collection":[{"href":"https:\/\/www.simplauto.com\/blog\/wp-json\/wp\/v2\/pages"}],"about":[{"href":"https:\/\/www.simplauto.com\/blog\/wp-json\/wp\/v2\/types\/page"}],"author":[{"embeddable":true,"href":"https:\/\/www.simplauto.com\/blog\/wp-json\/wp\/v2\/users\/1"}],"replies":[{"embeddable":true,"href":"https:\/\/www.simplauto.com\/blog\/wp-json\/wp\/v2\/comments?post=2361"}],"version-history":[{"count":2,"href":"https:\/\/www.simplauto.com\/blog\/wp-json\/wp\/v2\/pages\/2361\/revisions"}],"predecessor-version":[{"id":2429,"href":"https:\/\/www.simplauto.com\/blog\/wp-json\/wp\/v2\/pages\/2361\/revisions\/2429"}],"up":[{"embeddable":true,"href":"https:\/\/www.simplauto.com\/blog\/wp-json\/wp\/v2\/pages\/1765"}],"wp:attachment":[{"href":"https:\/\/www.simplauto.com\/blog\/wp-json\/wp\/v2\/media?parent=2361"}],"curies":[{"name":"wp","href":"https:\/\/api.w.org\/{rel}","templated":true}]}}