{"id":2354,"date":"2023-11-29T18:30:13","date_gmt":"2023-11-29T17:30:13","guid":{"rendered":"https:\/\/www.simplauto.com\/blog\/?page_id=2354"},"modified":"2023-11-29T18:30:14","modified_gmt":"2023-11-29T17:30:14","slug":"quel-est-le-delai-de-validite-du-controle-technique-pour-la-vente-dune-voiture","status":"publish","type":"page","link":"https:\/\/www.simplauto.com\/blog\/controle-technique\/preparer-le-controle-technique\/quel-est-le-delai-de-validite-du-controle-technique-pour-la-vente-dune-voiture\/","title":{"rendered":"Quel est le d\u00e9lai de validit\u00e9 du contr\u00f4le technique pour la vente d\u2019une voiture ?"},"content":{"rendered":"\n<pre class=\"wp-block-preformatted\">Cet article est issu de notre <a href=\"https:\/\/www.simplauto.com\/blog\/guide-du-controle-technique\/\">guide du contr\u00f4le technique<\/a>, qui regroupe de nombreuses Questions-R\u00e9ponses sur le contr\u00f4le technique.<\/pre>\n\n\n\n<p>Lors de la vente d&rsquo;une voiture, le contr\u00f4le technique est un \u00e9l\u00e9ment essentiel \u00e0 prendre en compte. Il atteste de l&rsquo;\u00e9tat du v\u00e9hicule et garantit \u00e0 l&rsquo;acheteur que celui-ci est conforme aux normes de s\u00e9curit\u00e9. Mais quel est le d\u00e9lai de validit\u00e9 de ce contr\u00f4le lors d&rsquo;une vente ?<\/p>\n\n\n\n<p><strong>Validit\u00e9 du contr\u00f4le technique lors de la vente<\/strong><\/p>\n\n\n\n<p>Pour une vente de v\u00e9hicule d&rsquo;occasion entre particuliers, le contr\u00f4le technique doit avoir \u00e9t\u00e9 r\u00e9alis\u00e9 moins de 6 mois avant la date de cession du v\u00e9hicule. Si le v\u00e9hicule est vendu \u00e0 un professionnel, ce d\u00e9lai n&rsquo;est pas requis.<\/p>\n\n\n\n<p><strong>Pourquoi ce d\u00e9lai ?<\/strong><\/p>\n\n\n\n<p>Ce d\u00e9lai de 6 mois assure \u00e0 l&rsquo;acheteur que le v\u00e9hicule est en bon \u00e9tat de marche et qu&rsquo;il ne pr\u00e9sente pas de d\u00e9fauts majeurs qui pourraient compromettre sa s\u00e9curit\u00e9 ou celle des autres usagers de la route. C&rsquo;est une garantie suppl\u00e9mentaire pour l&rsquo;acheteur et une obligation pour le vendeur.<\/p>\n\n\n\n<p><strong>Et si le contr\u00f4le technique n&rsquo;est pas valide ?<\/strong><\/p>\n\n\n\n<p>Si le contr\u00f4le technique n&rsquo;est pas valide au moment de la vente, l&rsquo;acheteur doit exiger du vendeur que le contr\u00f4le technique soit r\u00e9alis\u00e9 avant la vente. Un refus montrerait la n\u00e9gligence, voire la malhonn\u00eatet\u00e9 du vendeur, et devrait alerter l&rsquo;acheteur. Il est pr\u00e9f\u00e9rable de ne pas faire l&rsquo;acquisition du v\u00e9hicule.<\/p>\n\n\n\n<p>Par ailleurs, une vente de v\u00e9hicule sans contr\u00f4le technique posera des difficult\u00e9s pour obtenir la carte grise du v\u00e9hicule. Les services de l&rsquo;\u00c9tat vous demanderont un contr\u00f4le technique \u00e0 jour pour vous d\u00e9livrer ce nouveau certificat d&rsquo;immatriculation.<\/p>\n\n\n\n<p><strong>Exceptions<\/strong><\/p>\n\n\n\n<p>Il existe une exception \u00e0 cette r\u00e8gle. Si le v\u00e9hicule est vendu pour pi\u00e8ces <strong>\u00e0 un professionnel<\/strong>, le contr\u00f4le technique n&rsquo;est pas n\u00e9cessaire. La vente pour pi\u00e8ces \u00e0 un particulier est interdite.<\/p>\n\n\n\n<p>Pour bien pr\u00e9parer la vente de votre v\u00e9hicule et vous assurer que tout est en ordre avant le contr\u00f4le, vous pouvez lire notre article sur la <a href=\"https:\/\/www.simplauto.com\/blog\/controle-technique\/preparer-le-controle-technique\/\" title=\"pr\u00e9paration du v\u00e9hicule pour le contr\u00f4le technique.\">pr\u00e9paration du v\u00e9hicule pour le contr\u00f4le technique.<\/a><\/p>\n\n\n\n<pre class=\"wp-block-verse\"><em><strong>\u00c0 lire \u00e9galement :<\/strong>\n<\/em><a href=\"https:\/\/www.simplauto.com\/blog\/controle-technique\/preparer-le-controle-technique\/delai-controle-technique\/\" title=\"Dans quel d\u00e9lai faire le contr\u00f4le technique ?\n\">Dans quel d\u00e9lai faire le contr\u00f4le technique ?\n<\/a><a href=\"https:\/\/www.simplauto.com\/blog\/controle-technique-voiture-neuve\/\" title=\"Quand faire le premier contr\u00f4le technique d\u2019une voiture neuve ?\n\">Quand faire le premier contr\u00f4le technique d\u2019une voiture neuve ?\n<\/a><a href=\"https:\/\/www.simplauto.com\/blog\/controle-technique\/preparer-le-controle-technique\/quand-faire-le-controle-technique-dune-voiture-doccasion\/\" title=\"Quand faire le contr\u00f4le technique d\u2019une voiture d\u2019occasion ?\n\">Quand faire le contr\u00f4le technique d\u2019une voiture d\u2019occasion ?<\/a><a href=\"https:\/\/www.simplauto.com\/blog\/controle-technique\/preparer-le-controle-technique\/quel-est-le-delai-de-validite-du-controle-technique-pour-la-vente-dune-voiture\/\" title=\"Quel est le d\u00e9lai de validit\u00e9 du contr\u00f4le technique pour la vente d\u2019une voiture ?\n\">\n<\/a><a href=\"https:\/\/www.simplauto.com\/blog\/controle-technique\/preparer-le-controle-technique\/delai-controle-technique\/calculer-date-prochain-controle-technique\/\" title=\"Comment calculer la date de mon prochain contr\u00f4le technique ?\n\">Comment calculer la date de mon prochain contr\u00f4le technique ?\n<\/a><a href=\"https:\/\/www.simplauto.com\/blog\/controle-technique\/preparer-le-controle-technique\/ou-faire-mon-controle-technique\/\" title=\"O\u00f9 faire mon contr\u00f4le technique ?\n\">O\u00f9 faire mon contr\u00f4le technique ?\n<\/a><a href=\"https:\/\/www.simplauto.com\/blog\/controle-technique\/preparer-le-controle-technique\/comment-sassurer-quun-centre-de-controle-technique-est-bien-agree\/\" title=\"Comment s\u2019assurer qu\u2019un centre de contr\u00f4le technique est bien agr\u00e9\u00e9 ?\n\">Comment s\u2019assurer qu\u2019un centre de contr\u00f4le technique est bien agr\u00e9\u00e9 ?\n<\/a><a href=\"https:\/\/www.simplauto.com\/blog\/garages-controle-technique\/\" title=\"Les garages r\u00e9alisent-ils le contr\u00f4le technique ?\n\">Les garages r\u00e9alisent-ils le contr\u00f4le technique ?\n<\/a><a href=\"https:\/\/www.simplauto.com\/blog\/prix-controle-technique\/\" title=\"Combien co\u00fbte le contr\u00f4le technique ?\n\">Combien co\u00fbte le contr\u00f4le technique ?\n<\/a><a href=\"https:\/\/www.simplauto.com\/blog\/controle-technique\/preparer-le-controle-technique\/controle-technique-pas-cher\/\" title=\"Comment trouver un contr\u00f4le technique pas cher ?\n\">Comment trouver un contr\u00f4le technique pas cher ?\n<\/a><a href=\"https:\/\/www.simplauto.com\/blog\/controle-technique\/preparer-le-controle-technique\/comment-prendre-rendez-vous-pour-mon-controle-technique\/\" title=\"Comment prendre rendez-vous pour mon contr\u00f4le technique ?\n\">Comment prendre rendez-vous pour mon contr\u00f4le technique ?\n<\/a><a href=\"https:\/\/www.simplauto.com\/blog\/controle-technique\/preparer-le-controle-technique\/lors-de-ma-reservation-on-me-demande-le-type-de-vehicule-comment-le-connaitre\/\" title=\"Lors de ma r\u00e9servation, on me demande le type de v\u00e9hicule : comment le conna\u00eetre ?\n\">Lors de ma r\u00e9servation, on me demande le type de v\u00e9hicule : comment le conna\u00eetre ?\n<\/a><a href=\"https:\/\/www.simplauto.com\/blog\/controle-technique\/preparer-le-controle-technique\/pre-controle-technique-arnaque\/\" title=\"Qu\u2019est-ce qu\u2019un pr\u00e9 contr\u00f4le technique ?\n\">Qu\u2019est-ce qu\u2019un pr\u00e9 contr\u00f4le technique ?\n<\/a><a href=\"https:\/\/www.simplauto.com\/blog\/controle-technique\/preparer-le-controle-technique\/comment-eviter-une-contre-visite\/\" title=\"Comment \u00e9viter une contre-visite ?\">Comment \u00e9viter une contre-visite ?<\/a><\/pre>\n","protected":false},"excerpt":{"rendered":"<p>Cet article est issu de notre guide du contr\u00f4le technique, qui regroupe de nombreuses Questions-R\u00e9ponses sur le contr\u00f4le technique. Lors de la vente d&rsquo;une voiture, le contr\u00f4le technique est un \u00e9l\u00e9ment essentiel \u00e0 prendre en compte. Il atteste de l&rsquo;\u00e9tat du v\u00e9hicule et garantit \u00e0 l&rsquo;acheteur que celui-ci est conforme aux normes de s\u00e9curit\u00e9. Mais<\/p>\n","protected":false},"author":1,"featured_media":0,"parent":1765,"menu_order":0,"comment_status":"closed","ping_status":"closed","template":"","meta":{"footnotes":""},"class_list":["post-2354","page","type-page","status-publish"],"_links":{"self":[{"href":"https:\/\/www.simplauto.com\/blog\/wp-json\/wp\/v2\/pages\/2354","targetHints":{"allow":["GET"]}}],"collection":[{"href":"https:\/\/www.simplauto.com\/blog\/wp-json\/wp\/v2\/pages"}],"about":[{"href":"https:\/\/www.simplauto.com\/blog\/wp-json\/wp\/v2\/types\/page"}],"author":[{"embeddable":true,"href":"https:\/\/www.simplauto.com\/blog\/wp-json\/wp\/v2\/users\/1"}],"replies":[{"embeddable":true,"href":"https:\/\/www.simplauto.com\/blog\/wp-json\/wp\/v2\/comments?post=2354"}],"version-history":[{"count":2,"href":"https:\/\/www.simplauto.com\/blog\/wp-json\/wp\/v2\/pages\/2354\/revisions"}],"predecessor-version":[{"id":2426,"href":"https:\/\/www.simplauto.com\/blog\/wp-json\/wp\/v2\/pages\/2354\/revisions\/2426"}],"up":[{"embeddable":true,"href":"https:\/\/www.simplauto.com\/blog\/wp-json\/wp\/v2\/pages\/1765"}],"wp:attachment":[{"href":"https:\/\/www.simplauto.com\/blog\/wp-json\/wp\/v2\/media?parent=2354"}],"curies":[{"name":"wp","href":"https:\/\/api.w.org\/{rel}","templated":true}]}}