{"id":1983,"date":"2023-11-29T18:28:19","date_gmt":"2023-11-29T17:28:19","guid":{"rendered":"https:\/\/www.simplauto.com\/blog\/?page_id=1983"},"modified":"2023-11-29T18:28:38","modified_gmt":"2023-11-29T17:28:38","slug":"delai-controle-technique","status":"publish","type":"page","link":"https:\/\/www.simplauto.com\/blog\/controle-technique\/preparer-le-controle-technique\/delai-controle-technique\/","title":{"rendered":"Les d\u00e9lais du contr\u00f4le technique"},"content":{"rendered":"\n<pre class=\"wp-block-verse\"><em>Cet article est issu de notre <a href=\"https:\/\/www.simplauto.com\/blog\/guide-du-controle-technique\/\" title=\"guide du controle technique\">guide du contr\u00f4le technique<\/a>, qui regroupe plus de 50 Questions-R\u00e9ponses relatives \u00e0 toutes les \u00e9tapes du contr\u00f4le technique\u00a0: sa r\u00e9glementation, la pr\u00e9paration du contr\u00f4le technique, son d\u00e9roulement et enfin l'apr\u00e8s contr\u00f4le technique.<\/em><\/pre>\n\n\n\n<p>Pour \u00eatre efficace et assainir convenablement le parc de v\u00e9hicules circulant sur les routes fran\u00e7aises, le contr\u00f4le technique doit \u00eatre r\u00e9gulier. Le premier contr\u00f4le technique doit \u00eatre fait avant le 4\u00e8me anniversaire d&rsquo;une voiture, puis tous les 2 ans&#8230; \u00e0 une exception pr\u00e8s cependant.<\/p>\n\n\n\n<div id=\"ez-toc-container\" class=\"ez-toc-v2_0_75 counter-hierarchy ez-toc-counter ez-toc-grey ez-toc-container-direction\">\n<p class=\"ez-toc-title\" style=\"cursor:inherit\">Sommaire<\/p>\n<label for=\"ez-toc-cssicon-toggle-item-69f3186b73803\" class=\"ez-toc-cssicon-toggle-label\"><span class=\"ez-toc-cssicon\"><span class=\"eztoc-hide\" style=\"display:none;\">Toggle<\/span><span class=\"ez-toc-icon-toggle-span\"><svg style=\"fill: #999;color:#999\" xmlns=\"http:\/\/www.w3.org\/2000\/svg\" class=\"list-377408\" width=\"20px\" height=\"20px\" viewBox=\"0 0 24 24\" fill=\"none\"><path d=\"M6 6H4v2h2V6zm14 0H8v2h12V6zM4 11h2v2H4v-2zm16 0H8v2h12v-2zM4 16h2v2H4v-2zm16 0H8v2h12v-2z\" fill=\"currentColor\"><\/path><\/svg><svg style=\"fill: #999;color:#999\" class=\"arrow-unsorted-368013\" xmlns=\"http:\/\/www.w3.org\/2000\/svg\" width=\"10px\" height=\"10px\" viewBox=\"0 0 24 24\" version=\"1.2\" baseProfile=\"tiny\"><path d=\"M18.2 9.3l-6.2-6.3-6.2 6.3c-.2.2-.3.4-.3.7s.1.5.3.7c.2.2.4.3.7.3h11c.3 0 .5-.1.7-.3.2-.2.3-.5.3-.7s-.1-.5-.3-.7zM5.8 14.7l6.2 6.3 6.2-6.3c.2-.2.3-.5.3-.7s-.1-.5-.3-.7c-.2-.2-.4-.3-.7-.3h-11c-.3 0-.5.1-.7.3-.2.2-.3.5-.3.7s.1.5.3.7z\"\/><\/svg><\/span><\/span><\/label><input type=\"checkbox\"  id=\"ez-toc-cssicon-toggle-item-69f3186b73803\"  aria-label=\"Toggle\" \/><nav><ul class='ez-toc-list ez-toc-list-level-1 ' ><li class='ez-toc-page-1 ez-toc-heading-level-2'><a class=\"ez-toc-link ez-toc-heading-1\" href=\"https:\/\/www.simplauto.com\/blog\/controle-technique\/preparer-le-controle-technique\/delai-controle-technique\/#Dans_quel_delai_faire_le_premier_controle_technique_dune_voiture\" >Dans quel d\u00e9lai faire le premier contr\u00f4le technique d\u2019une voiture&nbsp;?<\/a><\/li><li class='ez-toc-page-1 ez-toc-heading-level-2'><a class=\"ez-toc-link ez-toc-heading-2\" href=\"https:\/\/www.simplauto.com\/blog\/controle-technique\/preparer-le-controle-technique\/delai-controle-technique\/#Dans_quel_delai_faire_le_controle_technique_dune_voiture_doccasion\" >Dans quel d\u00e9lai faire le contr\u00f4le technique d&rsquo;une voiture d&rsquo;occasion&nbsp;?<\/a><\/li><li class='ez-toc-page-1 ez-toc-heading-level-2'><a class=\"ez-toc-link ez-toc-heading-3\" href=\"https:\/\/www.simplauto.com\/blog\/controle-technique\/preparer-le-controle-technique\/delai-controle-technique\/#Quel_est_le_delai_de_validite_dun_controle_technique_pour_vendre_sa_voiture\" >Quel est le d\u00e9lai de validit\u00e9 d&rsquo;un contr\u00f4le technique pour vendre sa voiture&nbsp;?<\/a><\/li><li class='ez-toc-page-1 ez-toc-heading-level-2'><a class=\"ez-toc-link ez-toc-heading-4\" href=\"https:\/\/www.simplauto.com\/blog\/controle-technique\/preparer-le-controle-technique\/delai-controle-technique\/#Comment_trouver_un_CT_au_meilleur_prix_dans_ces_delais\" >Comment trouver un CT au meilleur prix dans ces d\u00e9lais&nbsp;?<\/a><\/li><li class='ez-toc-page-1 ez-toc-heading-level-2'><a class=\"ez-toc-link ez-toc-heading-5\" href=\"https:\/\/www.simplauto.com\/blog\/controle-technique\/preparer-le-controle-technique\/delai-controle-technique\/#Quels_sont_les_risques_si_je_ne_respecte_pas_les_delais_du_controle_technique\" >Quels sont les risques si je ne respecte pas les d\u00e9lais du contr\u00f4le technique&nbsp;?<\/a><\/li><li class='ez-toc-page-1 ez-toc-heading-level-2'><a class=\"ez-toc-link ez-toc-heading-6\" href=\"https:\/\/www.simplauto.com\/blog\/controle-technique\/preparer-le-controle-technique\/delai-controle-technique\/#En_resume\" >En r\u00e9sum\u00e9<\/a><\/li><\/ul><\/nav><\/div>\n<h2 class=\"wp-block-heading\"><span class=\"ez-toc-section\" id=\"Dans_quel_delai_faire_le_premier_controle_technique_dune_voiture\"><\/span><a href=\"https:\/\/www.simplauto.com\/blog\/controle-technique-voiture-neuve\/\" title=\"Le premier contr\u00f4le technique d\u2019une voiture\">Dans quel d\u00e9lai faire le premier contr\u00f4le technique d\u2019une voiture<\/a>&nbsp;?<span class=\"ez-toc-section-end\"><\/span><\/h2>\n\n\n\n<p>Si vous avez achet\u00e9 une voiture neuve, vous devez savoir que le premier contr\u00f4le technique devra \u00eatre r\u00e9alis\u00e9 dans un d\u00e9lai de 6 mois pr\u00e9c\u00e9dant le quatri\u00e8me anniversaire de la voiture.<\/p>\n\n\n\n<p>Pour conna\u00eetre la date de premi\u00e8re immatriculation de votre voiture, c&rsquo;est tr\u00e8s simple&nbsp;: il s&rsquo;agit de la date inscrite \u00e0 la lettre B sur votre certificat d&rsquo;immatriculation.<\/p>\n\n\n\n<h2 class=\"wp-block-heading\"><span class=\"ez-toc-section\" id=\"Dans_quel_delai_faire_le_controle_technique_dune_voiture_doccasion\"><\/span>Dans quel d\u00e9lai faire le contr\u00f4le technique d&rsquo;une voiture d&rsquo;occasion&nbsp;?<span class=\"ez-toc-section-end\"><\/span><\/h2>\n\n\n\n<p>Si votre voiture a plus de quatre ans, cela signifie qu&rsquo;elle a d\u00e9j\u00e0 pass\u00e9 un contr\u00f4le technique. Dans ce cas, les futurs contr\u00f4les devront \u00eatre r\u00e9alis\u00e9s tous les 2 ans.<\/p>\n\n\n\n<h2 class=\"wp-block-heading\"><span class=\"ez-toc-section\" id=\"Quel_est_le_delai_de_validite_dun_controle_technique_pour_vendre_sa_voiture\"><\/span>Quel est le d\u00e9lai de validit\u00e9 d&rsquo;un contr\u00f4le technique pour vendre sa voiture&nbsp;?<span class=\"ez-toc-section-end\"><\/span><\/h2>\n\n\n\n<p>Dans le cadre de la vente d&rsquo;un v\u00e9hicule, le d\u00e9lai de validit\u00e9 du dernier contr\u00f4le technique ne doit pas exc\u00e9der 6 mois. M\u00eame si la voiture a un contr\u00f4le technique valide de moins de 2 ans mais de plus de 6 mois, il sera n\u00e9cessaire d&rsquo;en faire un nouveau.<\/p>\n\n\n\n<p>Le but principal de cette exception est de permettre \u00e0 l&rsquo;acheteur de conna\u00eetre l&rsquo;\u00e9tat d&rsquo;un v\u00e9hicule avant de l&rsquo;acheter : c&rsquo;est une fa\u00e7on de s\u00e9curiser l&rsquo;achat\/vente de v\u00e9hicules.<\/p>\n\n\n\n<h2 class=\"wp-block-heading\"><span class=\"ez-toc-section\" id=\"Comment_trouver_un_CT_au_meilleur_prix_dans_ces_delais\"><\/span>Comment trouver un CT au meilleur prix dans ces d\u00e9lais&nbsp;?<span class=\"ez-toc-section-end\"><\/span><\/h2>\n\n\n\n<p>Simplauto vous permet de r\u00e9aliser de tr\u00e8s belles \u00e9conomies sur le prix du contr\u00f4le technique. En utilisant notre moteur de recherche, vous pourrez r\u00e9server un cr\u00e9neau pour un <a href=\"https:\/\/www.simplauto.com\/\" title=\"contr\u00f4le technique pas cher\">contr\u00f4le technique pas cher<\/a> pr\u00e8s de chez vous en quelques clics. Plus de 100 centres agr\u00e9\u00e9s vous proposent des promotions exclusives (jusqu&rsquo;\u00e0 -50% de r\u00e9duction).<\/p>\n\n\n\n<h2 class=\"wp-block-heading\"><span class=\"ez-toc-section\" id=\"Quels_sont_les_risques_si_je_ne_respecte_pas_les_delais_du_controle_technique\"><\/span>Quels sont les risques si je ne respecte pas les d\u00e9lais du contr\u00f4le technique&nbsp;?<span class=\"ez-toc-section-end\"><\/span><\/h2>\n\n\n\n<p>Il faut bien comprendre que le contr\u00f4le technique est avant tout un moyen de s&rsquo;assurer que son v\u00e9hicule est en bon \u00e9tat de fonctionnement et s\u00e9curis\u00e9 pour ses usagers. Le premier risque est donc de vous mettre en danger. Par ailleurs, le non-respect des d\u00e9lais entra\u00eene une s\u00e9rie de sanctions en cas de contr\u00f4le par les autorit\u00e9s, et \u00e9ventuellement la non-couverture de vos dommages par l&rsquo;assurance en cas d&rsquo;accident. Nous vous invitons \u00e0 lire notre article sur <a href=\"https:\/\/www.simplauto.com\/blog\/rouler-sans-controle-technique-risques\/\" title=\"les risques en cas de d\u00e9faut de contr\u00f4le technique\">les risques en cas de d\u00e9faut de contr\u00f4le technique<\/a>.<\/p>\n\n\n\n<h2 class=\"wp-block-heading\"><span class=\"ez-toc-section\" id=\"En_resume\"><\/span>En r\u00e9sum\u00e9<span class=\"ez-toc-section-end\"><\/span><\/h2>\n\n\n\n<figure class=\"wp-block-table\"><table><thead><tr><th>Votre situation<\/th><th>D\u00e9lai pour r\u00e9aliser un nouveau contr\u00f4le technique<\/th><\/tr><\/thead><tbody><tr><td>V\u00e9hicule de moins de 4 ans<\/td><td>6 mois avant le quatri\u00e8me anniversaire<\/td><\/tr><tr><td>V\u00e9hicule de plus de 4 ans<\/td><td>Au plus tard 2 ans apr\u00e8s le dernier CT<\/td><\/tr><tr><td>Vente du v\u00e9hicule<\/td><td>Au plus tard 6 mois avant la signature de la vente<\/td><\/tr><\/tbody><\/table><\/figure>\n\n\n\n<pre class=\"wp-block-verse\"><em><strong>\u00c0 lire \u00e9galement :<\/strong>\n<\/em><a href=\"https:\/\/www.simplauto.com\/blog\/controle-technique-voiture-neuve\/\" title=\"Quand faire le premier contr\u00f4le technique d\u2019une voiture neuve ?\n\">Quand faire le premier contr\u00f4le technique d\u2019une voiture neuve ?\n<\/a><a href=\"https:\/\/www.simplauto.com\/blog\/controle-technique\/preparer-le-controle-technique\/quand-faire-le-controle-technique-dune-voiture-doccasion\/\" title=\"Quand faire le contr\u00f4le technique d\u2019une voiture d\u2019occasion ?\n\">Quand faire le contr\u00f4le technique d\u2019une voiture d\u2019occasion ?\n<\/a><a href=\"https:\/\/www.simplauto.com\/blog\/controle-technique\/preparer-le-controle-technique\/quel-est-le-delai-de-validite-du-controle-technique-pour-la-vente-dune-voiture\/\" title=\"Quel est le d\u00e9lai de validit\u00e9 du contr\u00f4le technique pour la vente d\u2019une voiture ?\n\">Quel est le d\u00e9lai de validit\u00e9 du contr\u00f4le technique pour la vente d\u2019une voiture ?\n<\/a><a href=\"https:\/\/www.simplauto.com\/blog\/controle-technique\/preparer-le-controle-technique\/delai-controle-technique\/calculer-date-prochain-controle-technique\/\" title=\"Comment calculer la date de mon prochain contr\u00f4le technique ?\n\">Comment calculer la date de mon prochain contr\u00f4le technique ?\n<\/a><a href=\"https:\/\/www.simplauto.com\/blog\/controle-technique\/preparer-le-controle-technique\/ou-faire-mon-controle-technique\/\" title=\"O\u00f9 faire mon contr\u00f4le technique ?\n\">O\u00f9 faire mon contr\u00f4le technique ?\n<\/a><a href=\"https:\/\/www.simplauto.com\/blog\/controle-technique\/preparer-le-controle-technique\/comment-sassurer-quun-centre-de-controle-technique-est-bien-agree\/\" title=\"Comment s\u2019assurer qu\u2019un centre de contr\u00f4le technique est bien agr\u00e9\u00e9 ?\n\">Comment s\u2019assurer qu\u2019un centre de contr\u00f4le technique est bien agr\u00e9\u00e9 ?\n<\/a><a href=\"https:\/\/www.simplauto.com\/blog\/garages-controle-technique\/\" title=\"Les garages r\u00e9alisent-ils le contr\u00f4le technique ?\n\">Les garages r\u00e9alisent-ils le contr\u00f4le technique ?\n<\/a><a href=\"https:\/\/www.simplauto.com\/blog\/prix-controle-technique\/\" title=\"Combien co\u00fbte le contr\u00f4le technique ?\n\">Combien co\u00fbte le contr\u00f4le technique ?\n<\/a><a href=\"https:\/\/www.simplauto.com\/blog\/controle-technique\/preparer-le-controle-technique\/controle-technique-pas-cher\/\" title=\"Comment trouver un contr\u00f4le technique pas cher ?\n\">Comment trouver un contr\u00f4le technique pas cher ?\n<\/a><a href=\"https:\/\/www.simplauto.com\/blog\/controle-technique\/preparer-le-controle-technique\/comment-prendre-rendez-vous-pour-mon-controle-technique\/\" title=\"Comment prendre rendez-vous pour mon contr\u00f4le technique ?\n\">Comment prendre rendez-vous pour mon contr\u00f4le technique ?\n<\/a><a href=\"https:\/\/www.simplauto.com\/blog\/controle-technique\/preparer-le-controle-technique\/lors-de-ma-reservation-on-me-demande-le-type-de-vehicule-comment-le-connaitre\/\" title=\"Lors de ma r\u00e9servation, on me demande le type de v\u00e9hicule : comment le conna\u00eetre ?\n\">Lors de ma r\u00e9servation, on me demande le type de v\u00e9hicule : comment le conna\u00eetre ?\n<\/a><a href=\"https:\/\/www.simplauto.com\/blog\/controle-technique\/preparer-le-controle-technique\/pre-controle-technique-arnaque\/\" title=\"Qu\u2019est-ce qu\u2019un pr\u00e9 contr\u00f4le technique ?\n\">Qu\u2019est-ce qu\u2019un pr\u00e9 contr\u00f4le technique ?\n<\/a><a href=\"https:\/\/www.simplauto.com\/blog\/controle-technique\/preparer-le-controle-technique\/comment-eviter-une-contre-visite\/\" title=\"Comment \u00e9viter une contre-visite ?\">Comment \u00e9viter une contre-visite ?<\/a><\/pre>\n","protected":false},"excerpt":{"rendered":"<p>Pour \u00eatre efficace et assainir convenablement le parc de v\u00e9hicules circulant sur les routes fran\u00e7aises, le contr\u00f4le technique doit \u00eatre r\u00e9gulier. Le premier contr\u00f4le technique doit \u00eatre fait avant le 4\u00e8me anniversaire d&rsquo;une voiture, puis tous les 2 ans&#8230; \u00e0 une exception pr\u00e8s cependant. Dans quel d\u00e9lai faire le premier contr\u00f4le technique d\u2019une voiture&nbsp;? Si<\/p>\n","protected":false},"author":1,"featured_media":0,"parent":1765,"menu_order":0,"comment_status":"closed","ping_status":"closed","template":"","meta":{"footnotes":""},"class_list":["post-1983","page","type-page","status-publish"],"_links":{"self":[{"href":"https:\/\/www.simplauto.com\/blog\/wp-json\/wp\/v2\/pages\/1983","targetHints":{"allow":["GET"]}}],"collection":[{"href":"https:\/\/www.simplauto.com\/blog\/wp-json\/wp\/v2\/pages"}],"about":[{"href":"https:\/\/www.simplauto.com\/blog\/wp-json\/wp\/v2\/types\/page"}],"author":[{"embeddable":true,"href":"https:\/\/www.simplauto.com\/blog\/wp-json\/wp\/v2\/users\/1"}],"replies":[{"embeddable":true,"href":"https:\/\/www.simplauto.com\/blog\/wp-json\/wp\/v2\/comments?post=1983"}],"version-history":[{"count":8,"href":"https:\/\/www.simplauto.com\/blog\/wp-json\/wp\/v2\/pages\/1983\/revisions"}],"predecessor-version":[{"id":2423,"href":"https:\/\/www.simplauto.com\/blog\/wp-json\/wp\/v2\/pages\/1983\/revisions\/2423"}],"up":[{"embeddable":true,"href":"https:\/\/www.simplauto.com\/blog\/wp-json\/wp\/v2\/pages\/1765"}],"wp:attachment":[{"href":"https:\/\/www.simplauto.com\/blog\/wp-json\/wp\/v2\/media?parent=1983"}],"curies":[{"name":"wp","href":"https:\/\/api.w.org\/{rel}","templated":true}]}}