{"id":1961,"date":"2022-04-20T15:47:11","date_gmt":"2022-04-20T13:47:11","guid":{"rendered":"https:\/\/www.simplauto.com\/blog\/?page_id=1961"},"modified":"2022-08-06T00:51:26","modified_gmt":"2022-08-05T22:51:26","slug":"duree-controle-technique","status":"publish","type":"page","link":"https:\/\/www.simplauto.com\/blog\/controle-technique\/deroulement\/duree-controle-technique\/","title":{"rendered":"Combien de temps dure un contr\u00f4le technique\u00a0?"},"content":{"rendered":"\n<pre class=\"wp-block-verse\"><em>Cet article est issu de notre <a href=\"https:\/\/www.simplauto.com\/blog\/guide-du-controle-technique\/\" title=\"guide du controle technique\">guide du contr\u00f4le technique<\/a>, qui regroupe plus de 50 Questions-R\u00e9ponses relatives \u00e0 toutes les \u00e9tapes du contr\u00f4le technique\u00a0: sa r\u00e9glementation, la pr\u00e9paration du contr\u00f4le technique, son d\u00e9roulement et enfin l'apr\u00e8s contr\u00f4le technique.<\/em><\/pre>\n\n\n\n<p>Le contr\u00f4le technique dure entre 30 et 45 minutes. Mais cette dur\u00e9e peut-\u00eatre allong\u00e9e dans certains cas. Simplauto vous explique tout.<\/p>\n\n\n\n<div id=\"ez-toc-container\" class=\"ez-toc-v2_0_75 counter-hierarchy ez-toc-counter ez-toc-grey ez-toc-container-direction\">\n<p class=\"ez-toc-title\" style=\"cursor:inherit\">Sommaire<\/p>\n<label for=\"ez-toc-cssicon-toggle-item-69e44aaccb7f4\" class=\"ez-toc-cssicon-toggle-label\"><span class=\"ez-toc-cssicon\"><span class=\"eztoc-hide\" style=\"display:none;\">Toggle<\/span><span class=\"ez-toc-icon-toggle-span\"><svg style=\"fill: #999;color:#999\" xmlns=\"http:\/\/www.w3.org\/2000\/svg\" class=\"list-377408\" width=\"20px\" height=\"20px\" viewBox=\"0 0 24 24\" fill=\"none\"><path d=\"M6 6H4v2h2V6zm14 0H8v2h12V6zM4 11h2v2H4v-2zm16 0H8v2h12v-2zM4 16h2v2H4v-2zm16 0H8v2h12v-2z\" fill=\"currentColor\"><\/path><\/svg><svg style=\"fill: #999;color:#999\" class=\"arrow-unsorted-368013\" xmlns=\"http:\/\/www.w3.org\/2000\/svg\" width=\"10px\" height=\"10px\" viewBox=\"0 0 24 24\" version=\"1.2\" baseProfile=\"tiny\"><path d=\"M18.2 9.3l-6.2-6.3-6.2 6.3c-.2.2-.3.4-.3.7s.1.5.3.7c.2.2.4.3.7.3h11c.3 0 .5-.1.7-.3.2-.2.3-.5.3-.7s-.1-.5-.3-.7zM5.8 14.7l6.2 6.3 6.2-6.3c.2-.2.3-.5.3-.7s-.1-.5-.3-.7c-.2-.2-.4-.3-.7-.3h-11c-.3 0-.5.1-.7.3-.2.2-.3.5-.3.7s.1.5.3.7z\"\/><\/svg><\/span><\/span><\/label><input type=\"checkbox\"  id=\"ez-toc-cssicon-toggle-item-69e44aaccb7f4\"  aria-label=\"Toggle\" \/><nav><ul class='ez-toc-list ez-toc-list-level-1 ' ><li class='ez-toc-page-1 ez-toc-heading-level-2'><a class=\"ez-toc-link ez-toc-heading-1\" href=\"https:\/\/www.simplauto.com\/blog\/controle-technique\/deroulement\/duree-controle-technique\/#Quelle_est_la_duree_du_controle_technique\" >Quelle est la dur\u00e9e du contr\u00f4le technique\u00a0?<\/a><ul class='ez-toc-list-level-3' ><li class='ez-toc-heading-level-3'><a class=\"ez-toc-link ez-toc-heading-2\" href=\"https:\/\/www.simplauto.com\/blog\/controle-technique\/deroulement\/duree-controle-technique\/#La_duree_du_controle_technique_peut_varier_selon_le_type_de_carburant%E2%80%A6\" >La dur\u00e9e du contr\u00f4le technique peut varier selon le type de carburant&#8230;<\/a><\/li><li class='ez-toc-page-1 ez-toc-heading-level-3'><a class=\"ez-toc-link ez-toc-heading-3\" href=\"https:\/\/www.simplauto.com\/blog\/controle-technique\/deroulement\/duree-controle-technique\/#%E2%80%A6_mais_egalement_selon_le_type_de_vehicule\" >&#8230; mais \u00e9galement selon le type de v\u00e9hicule.<\/a><\/li><\/ul><\/li><li class='ez-toc-page-1 ez-toc-heading-level-2'><a class=\"ez-toc-link ez-toc-heading-4\" href=\"https:\/\/www.simplauto.com\/blog\/controle-technique\/deroulement\/duree-controle-technique\/#Dois-je_rester_sur_place_pendant_le_controle_technique\" >Dois-je rester sur place pendant le contr\u00f4le technique&nbsp;?<\/a><\/li><\/ul><\/nav><\/div>\n<h2 class=\"wp-block-heading\"><span class=\"ez-toc-section\" id=\"Quelle_est_la_duree_du_controle_technique\"><\/span>Quelle est la dur\u00e9e du contr\u00f4le technique\u00a0?<span class=\"ez-toc-section-end\"><\/span><\/h2>\n\n\n\n<p>Pour un v\u00e9hicule standard, c&rsquo;est-\u00e0-dire un v\u00e9hicule particulier essence ou diesel, le contr\u00f4le technique dure 30 \u00e0 45 minutes, selon la rapidit\u00e9 du contr\u00f4leur. Le contr\u00f4le technique d&rsquo;un v\u00e9hicule diesel est l\u00e9g\u00e8rement plus long, et sera donc plut\u00f4t dans la fourchette haute (45 minutes).<\/p>\n\n\n\n<pre class=\"wp-block-verse\"><strong>Le saviez-vous ?\n<\/strong>Vous pouvez r\u00e9server votre contr\u00f4le technique sur Simplauto.com \u00e0 partir de 46\u20ac, contre 78\u20ac en moyenne en France. Il vous suffit de rechercher les meilleurs <a href=\"https:\/\/www.simplauto.com\/\" title=\"prix du controle technique\">prix du contr\u00f4le technique<\/a> ici.<\/pre>\n\n\n\n<h3 class=\"wp-block-heading\"><span class=\"ez-toc-section\" id=\"La_duree_du_controle_technique_peut_varier_selon_le_type_de_carburant%E2%80%A6\"><\/span>La dur\u00e9e du contr\u00f4le technique peut varier selon le type de carburant&#8230;<span class=\"ez-toc-section-end\"><\/span><\/h3>\n\n\n\n<p>Cependant cette dur\u00e9e peut varier \u00e0 la hausse en fonction du carburant. En effet, le contr\u00f4le technique d&rsquo;un v\u00e9hicule hybride ou \u00e9lectrique peut durer un peu plus longtemps (45 \u00e0 60 minutes). <\/p>\n\n\n\n<p>Le cas extr\u00eame concerne les v\u00e9hicules GPL, pour lesquels le contr\u00f4le technique peut durer jusqu&rsquo;\u00e0 1h30.<\/p>\n\n\n\n<h3 class=\"wp-block-heading\"><span class=\"ez-toc-section\" id=\"%E2%80%A6_mais_egalement_selon_le_type_de_vehicule\"><\/span>&#8230; mais \u00e9galement selon le type de v\u00e9hicule.<span class=\"ez-toc-section-end\"><\/span><\/h3>\n\n\n\n<p>De la m\u00eame mani\u00e8re, le contr\u00f4le technique d&rsquo;un v\u00e9hicule 4&#215;4 (quatre roues motrices) sera plus long que celui d&rsquo;un v\u00e9hicule particulier plus classique. C&rsquo;est \u00e9galement le cas pour les camping-cars qui ne pourront par ailleurs pas \u00eatre r\u00e9alis\u00e9s dans n&rsquo;importe quel centre de contr\u00f4le technique, compte tenu de la contrainte de hauteur du v\u00e9hicule.<\/p>\n\n\n\n<h2 class=\"wp-block-heading\"><span class=\"ez-toc-section\" id=\"Dois-je_rester_sur_place_pendant_le_controle_technique\"><\/span>Dois-je rester sur place pendant le contr\u00f4le technique&nbsp;?<span class=\"ez-toc-section-end\"><\/span><\/h2>\n\n\n\n<p>Vous n&rsquo;avez aucunement l&rsquo;obligation de rester dans le centre de contr\u00f4le technique le temps du contr\u00f4le : vous pouvez tout \u00e0 fait laisser le v\u00e9hicule et venir le r\u00e9cup\u00e9rer apr\u00e8s le contr\u00f4le. La plupart des centres disposent n\u00e9anmoins d&rsquo;une salle d&rsquo;attente qui vous permettra d&rsquo;attendre patiemment.<\/p>\n","protected":false},"excerpt":{"rendered":"<p>Le contr\u00f4le technique dure entre 30 et 45 minutes. Mais cette dur\u00e9e peut-\u00eatre allong\u00e9e dans certains cas. Simplauto vous explique tout. Quelle est la dur\u00e9e du contr\u00f4le technique\u00a0? Pour un v\u00e9hicule standard, c&rsquo;est-\u00e0-dire un v\u00e9hicule particulier essence ou diesel, le contr\u00f4le technique dure 30 \u00e0 45 minutes, selon la rapidit\u00e9 du contr\u00f4leur. Le contr\u00f4le technique<\/p>\n","protected":false},"author":1,"featured_media":0,"parent":1767,"menu_order":0,"comment_status":"closed","ping_status":"closed","template":"","meta":{"footnotes":""},"class_list":["post-1961","page","type-page","status-publish"],"_links":{"self":[{"href":"https:\/\/www.simplauto.com\/blog\/wp-json\/wp\/v2\/pages\/1961","targetHints":{"allow":["GET"]}}],"collection":[{"href":"https:\/\/www.simplauto.com\/blog\/wp-json\/wp\/v2\/pages"}],"about":[{"href":"https:\/\/www.simplauto.com\/blog\/wp-json\/wp\/v2\/types\/page"}],"author":[{"embeddable":true,"href":"https:\/\/www.simplauto.com\/blog\/wp-json\/wp\/v2\/users\/1"}],"replies":[{"embeddable":true,"href":"https:\/\/www.simplauto.com\/blog\/wp-json\/wp\/v2\/comments?post=1961"}],"version-history":[{"count":7,"href":"https:\/\/www.simplauto.com\/blog\/wp-json\/wp\/v2\/pages\/1961\/revisions"}],"predecessor-version":[{"id":2318,"href":"https:\/\/www.simplauto.com\/blog\/wp-json\/wp\/v2\/pages\/1961\/revisions\/2318"}],"up":[{"embeddable":true,"href":"https:\/\/www.simplauto.com\/blog\/wp-json\/wp\/v2\/pages\/1767"}],"wp:attachment":[{"href":"https:\/\/www.simplauto.com\/blog\/wp-json\/wp\/v2\/media?parent=1961"}],"curies":[{"name":"wp","href":"https:\/\/api.w.org\/{rel}","templated":true}]}}