{"id":1766,"date":"2021-06-12T14:06:31","date_gmt":"2021-06-12T12:06:31","guid":{"rendered":"https:\/\/www.simplauto.com\/blog\/?page_id=1766"},"modified":"2021-06-12T14:34:01","modified_gmt":"2021-06-12T12:34:01","slug":"reglementation","status":"publish","type":"page","link":"https:\/\/www.simplauto.com\/blog\/controle-technique\/reglementation\/","title":{"rendered":"Contr\u00f4le technique\u00a0: que dit la r\u00e9glementation\u00a0?"},"content":{"rendered":"\n<pre class=\"wp-block-verse\"><em>Cet article est issu de notre <a href=\"https:\/\/www.simplauto.com\/blog\/guide-du-controle-technique\/\" title=\"guide du controle technique\">guide du contr\u00f4le technique<\/a>, qui regroupe plus de 50 Questions-R\u00e9ponses relatives \u00e0 toutes les \u00e9tapes du contr\u00f4le technique&nbsp;: sa r\u00e9glementation, la pr\u00e9paration du contr\u00f4le technique, son d\u00e9roulement et enfin l'apr\u00e8s contr\u00f4le technique.<\/em><\/pre>\n\n\n\n<div id=\"ez-toc-container\" class=\"ez-toc-v2_0_75 counter-hierarchy ez-toc-counter ez-toc-grey ez-toc-container-direction\">\n<p class=\"ez-toc-title\" style=\"cursor:inherit\">Sommaire<\/p>\n<label for=\"ez-toc-cssicon-toggle-item-69deb75805348\" class=\"ez-toc-cssicon-toggle-label\"><span class=\"ez-toc-cssicon\"><span class=\"eztoc-hide\" style=\"display:none;\">Toggle<\/span><span class=\"ez-toc-icon-toggle-span\"><svg style=\"fill: #999;color:#999\" xmlns=\"http:\/\/www.w3.org\/2000\/svg\" class=\"list-377408\" width=\"20px\" height=\"20px\" viewBox=\"0 0 24 24\" fill=\"none\"><path d=\"M6 6H4v2h2V6zm14 0H8v2h12V6zM4 11h2v2H4v-2zm16 0H8v2h12v-2zM4 16h2v2H4v-2zm16 0H8v2h12v-2z\" fill=\"currentColor\"><\/path><\/svg><svg style=\"fill: #999;color:#999\" class=\"arrow-unsorted-368013\" xmlns=\"http:\/\/www.w3.org\/2000\/svg\" width=\"10px\" height=\"10px\" viewBox=\"0 0 24 24\" version=\"1.2\" baseProfile=\"tiny\"><path d=\"M18.2 9.3l-6.2-6.3-6.2 6.3c-.2.2-.3.4-.3.7s.1.5.3.7c.2.2.4.3.7.3h11c.3 0 .5-.1.7-.3.2-.2.3-.5.3-.7s-.1-.5-.3-.7zM5.8 14.7l6.2 6.3 6.2-6.3c.2-.2.3-.5.3-.7s-.1-.5-.3-.7c-.2-.2-.4-.3-.7-.3h-11c-.3 0-.5.1-.7.3-.2.2-.3.5-.3.7s.1.5.3.7z\"\/><\/svg><\/span><\/span><\/label><input type=\"checkbox\"  id=\"ez-toc-cssicon-toggle-item-69deb75805348\"  aria-label=\"Toggle\" \/><nav><ul class='ez-toc-list ez-toc-list-level-1 ' ><li class='ez-toc-page-1 ez-toc-heading-level-2'><a class=\"ez-toc-link ez-toc-heading-1\" href=\"https:\/\/www.simplauto.com\/blog\/controle-technique\/reglementation\/#Ma_voiture_est-elle_concernee_par_le_controle_technique\" >Ma voiture est-elle concern\u00e9e par le contr\u00f4le technique ?<\/a><ul class='ez-toc-list-level-3' ><li class='ez-toc-heading-level-3'><a class=\"ez-toc-link ez-toc-heading-2\" href=\"https:\/\/www.simplauto.com\/blog\/controle-technique\/reglementation\/#Le_controle_technique_des_vehicules_a_usage_particulier\" >Le contr\u00f4le technique des v\u00e9hicules \u00e0 usage particulier<\/a><\/li><li class='ez-toc-page-1 ez-toc-heading-level-3'><a class=\"ez-toc-link ez-toc-heading-3\" href=\"https:\/\/www.simplauto.com\/blog\/controle-technique\/reglementation\/#Le_controle_technique_des_vehicules_a_usage_professionnel\" >Le contr\u00f4le technique des v\u00e9hicules \u00e0 usage professionnel<\/a><\/li><\/ul><\/li><li class='ez-toc-page-1 ez-toc-heading-level-2'><a class=\"ez-toc-link ez-toc-heading-4\" href=\"https:\/\/www.simplauto.com\/blog\/controle-technique\/reglementation\/#Quest-ce_quune_contre-visite\" >Qu\u2019est-ce qu\u2019une contre-visite ?<\/a><ul class='ez-toc-list-level-3' ><li class='ez-toc-heading-level-3'><a class=\"ez-toc-link ez-toc-heading-5\" href=\"https:\/\/www.simplauto.com\/blog\/controle-technique\/reglementation\/#Quel_est_le_taux_de_contre-visites_en_France\" >Quel est le taux de contre-visites en France ?<\/a><\/li><li class='ez-toc-page-1 ez-toc-heading-level-3'><a class=\"ez-toc-link ez-toc-heading-6\" href=\"https:\/\/www.simplauto.com\/blog\/controle-technique\/reglementation\/#Quel_est_le_prix_de_la_contre-visite\" >Quel est le prix de la contre-visite ?<\/a><\/li><li class='ez-toc-page-1 ez-toc-heading-level-3'><a class=\"ez-toc-link ez-toc-heading-7\" href=\"https:\/\/www.simplauto.com\/blog\/controle-technique\/reglementation\/#La_contre-visite_est-elle_gratuite\" >La contre-visite est-elle gratuite ?<\/a><\/li><li class='ez-toc-page-1 ez-toc-heading-level-3'><a class=\"ez-toc-link ez-toc-heading-8\" href=\"https:\/\/www.simplauto.com\/blog\/controle-technique\/reglementation\/#Est-il_possible_de_passer_la_contre-visite_dans_un_autre_centre\" >Est-il possible de passer la contre-visite dans un autre centre ?<\/a><\/li><\/ul><\/li><li class='ez-toc-page-1 ez-toc-heading-level-2'><a class=\"ez-toc-link ez-toc-heading-9\" href=\"https:\/\/www.simplauto.com\/blog\/controle-technique\/reglementation\/#Rouler_sans_controle_technique_quels_sont_les_risques\" >Rouler sans contr\u00f4le technique : quels sont les risques ?<\/a><\/li><li class='ez-toc-page-1 ez-toc-heading-level-2'><a class=\"ez-toc-link ez-toc-heading-10\" href=\"https:\/\/www.simplauto.com\/blog\/controle-technique\/reglementation\/#Lecheance_de_mon_controle_technique_est_depassee_que_faire\" >L\u2019\u00e9ch\u00e9ance de mon contr\u00f4le technique est d\u00e9pass\u00e9e, que faire ?<\/a><\/li><li class='ez-toc-page-1 ez-toc-heading-level-2'><a class=\"ez-toc-link ez-toc-heading-11\" href=\"https:\/\/www.simplauto.com\/blog\/controle-technique\/reglementation\/#Quelle_amende_en_cas_de_defaut_de_controle_technique\" >Quelle amende en cas de d\u00e9faut de contr\u00f4le technique ?<\/a><\/li><\/ul><\/nav><\/div>\n<h2 class=\"wp-block-heading\"><span class=\"ez-toc-section\" id=\"Ma_voiture_est-elle_concernee_par_le_controle_technique\"><\/span>Ma voiture est-elle concern\u00e9e par le contr\u00f4le technique ?<span class=\"ez-toc-section-end\"><\/span><\/h2>\n\n\n\n<p>Tous les v\u00e9hicules de 4 ans et plus, \u00e0 usage particulier comme \u00e0 usage professionnel, sont concern\u00e9s par le contr\u00f4le technique. <\/p>\n\n\n\n<h3 class=\"wp-block-heading\"><span class=\"ez-toc-section\" id=\"Le_controle_technique_des_vehicules_a_usage_particulier\"><\/span>Le contr\u00f4le technique des v\u00e9hicules \u00e0 usage particulier<span class=\"ez-toc-section-end\"><\/span><\/h3>\n\n\n\n<p>Le contr\u00f4le technique concerne tous les types de v\u00e9hicules \u00e0 usage particulier (voiture, 4&#215;4, v\u00e9hicule utilitaire, camping-car ou voiture de collection), quel que soit leur carburant (diesel, essence, hybride, \u00e9lectrique, gaz ou GPL). Les voitures sans permis sont quant \u00e0 elles exempt\u00e9es de contr\u00f4le technique.<\/p>\n\n\n\n<h3 class=\"wp-block-heading\"><span class=\"ez-toc-section\" id=\"Le_controle_technique_des_vehicules_a_usage_professionnel\"><\/span>Le contr\u00f4le technique des v\u00e9hicules \u00e0 usage professionnel<span class=\"ez-toc-section-end\"><\/span><\/h3>\n\n\n\n<p>L&rsquo;ensemble des v\u00e9hicules \u00e0 usage professionnel sont \u00e9galement concern\u00e9s par le contr\u00f4le technique : les utilitaires bien s\u00fbr, mais \u00e9galement les taxis, VTC, v\u00e9hicules de d\u00e9pannage ou encore les ambulances.<\/p>\n\n\n\n<h2 class=\"wp-block-heading\"><span class=\"ez-toc-section\" id=\"Quest-ce_quune_contre-visite\"><\/span>Qu\u2019est-ce qu\u2019une contre-visite ?<span class=\"ez-toc-section-end\"><\/span><\/h2>\n\n\n\n<p>Lors du contr\u00f4le technique, 133 points de contr\u00f4le sont v\u00e9rifi\u00e9s sur le v\u00e9hicule. Chacun de ces points peut entra\u00eener une ou plusieurs d\u00e9faillances. \u00c0 la fin du contr\u00f4le technique, le professionnel va vous rendre un rapport qui mentionne l&rsquo;ensemble des d\u00e9faillances qui ont \u00e9t\u00e9 relev\u00e9es. Certains de ces d\u00e9faillances, appel\u00e9es d\u00e9faillances majeures ou critiques, n\u00e9cessitent de pr\u00e9senter \u00e0 nouveau le v\u00e9hicule apr\u00e8s r\u00e9paration : on parle de contre-visite.<\/p>\n\n\n\n<figure class=\"wp-block-table is-style-stripes\"><table><thead><tr><th>Gravit\u00e9 de la d\u00e9faillance<\/th><th>Cons\u00e9quence<\/th><\/tr><\/thead><tbody><tr><td>D\u00e9faillance mineure<\/td><td>D\u00e9faillance port\u00e9e \u00e0 l&rsquo;attention du propri\u00e9taire, sans n\u00e9cessit\u00e9 de contre-visite<\/td><\/tr><tr><td>D\u00e9faillance majeure<\/td><td>D\u00e9faillance n\u00e9cessitant une r\u00e9paration et une pr\u00e9sentation du v\u00e9hicule \u00e0 la contre-visite dans un d\u00e9lai de 2 mois<\/td><\/tr><tr><td>D\u00e9faillance critique<\/td><td>D\u00e9faillance grave mettant en danger imm\u00e9diat l&rsquo;utilisateur du v\u00e9hicule, n\u00e9cessitant une r\u00e9paration dans la journ\u00e9e.<\/td><\/tr><\/tbody><\/table><figcaption>Les d\u00e9faillances lors du contr\u00f4le technique<\/figcaption><\/figure>\n\n\n\n<h3 class=\"wp-block-heading\"><span class=\"ez-toc-section\" id=\"Quel_est_le_taux_de_contre-visites_en_France\"><\/span>Quel est le taux de contre-visites en France ?<span class=\"ez-toc-section-end\"><\/span><\/h3>\n\n\n\n<p>La contre-visite concerne 21% des v\u00e9hicules pr\u00e9sent\u00e9s au contr\u00f4le technique. Ce chiffre est constant ces derni\u00e8res ann\u00e9es.<\/p>\n\n\n\n<h3 class=\"wp-block-heading\"><span class=\"ez-toc-section\" id=\"Quel_est_le_prix_de_la_contre-visite\"><\/span>Quel est le prix de la contre-visite ?<span class=\"ez-toc-section-end\"><\/span><\/h3>\n\n\n\n<p>La contre-visite est factur\u00e9e entre 10\u20ac et 35\u20ac selon les points \u00e0 v\u00e9rifier et le nombre de machines n\u00e9cessaires (banc de freinage, reglophare, etc.). Ce montant est en suppl\u00e9ment du <a href=\"https:\/\/www.simplauto.com\/\" title=\"prix du controle technique\">prix du contr\u00f4le technique<\/a> initial.<\/p>\n\n\n\n<h3 class=\"wp-block-heading\"><span class=\"ez-toc-section\" id=\"La_contre-visite_est-elle_gratuite\"><\/span>La contre-visite est-elle gratuite ?<span class=\"ez-toc-section-end\"><\/span><\/h3>\n\n\n\n<p>La contre-visite, souvent offerte avant la r\u00e9forme du contr\u00f4le technique de Ma 2018, est d\u00e9sormais payante dans la grande majorit\u00e9 des centres de contr\u00f4le technique. <\/p>\n\n\n\n<h3 class=\"wp-block-heading\"><span class=\"ez-toc-section\" id=\"Est-il_possible_de_passer_la_contre-visite_dans_un_autre_centre\"><\/span>Est-il possible de passer la contre-visite dans un autre centre ?<span class=\"ez-toc-section-end\"><\/span><\/h3>\n\n\n\n<p>Oui, c&rsquo;est tout \u00e0 fait possible. Rien ne vous oblige \u00e0 passer la contre-visite dans le m\u00eame centre que celui o\u00f9 vous avez r\u00e9alis\u00e9 le contr\u00f4le technique. Cependant, ce n&rsquo;est jamais tr\u00e8s int\u00e9ressant en termes de co\u00fbt : un centre de contr\u00f4le technique qui n&rsquo;a pas r\u00e9alis\u00e9 le contr\u00f4le technique initial vous facturera beaucoup plus cher la contre-visite.<\/p>\n\n\n\n<h2 class=\"wp-block-heading\"><span class=\"ez-toc-section\" id=\"Rouler_sans_controle_technique_quels_sont_les_risques\"><\/span>Rouler sans contr\u00f4le technique : quels sont les risques ?<span class=\"ez-toc-section-end\"><\/span><\/h2>\n\n\n\n<p>Rouler sans contr\u00f4le technique n&rsquo;est pas sans risque&nbsp;: <\/p>\n\n\n\n<ul class=\"wp-block-list\"><li>d&rsquo;abord, vous vous mettez vous-m\u00eame en danger : votre v\u00e9hicule peut avoir une d\u00e9faillance importante que vous ignorez ;<\/li><li>vous mettez \u00e9galement d&rsquo;autres usagers de la route en danger, pour ces m\u00eames raisons <\/li><li>vous risquez de vous faire verbaliser en cas de contr\u00f4le par les autorit\u00e9s (135\u20ac d&rsquo;amende) ;<\/li><li>et enfin vous risquez l&rsquo;immobilisation de votre v\u00e9hicule.<\/li><\/ul>\n\n\n\n<ul class=\"wp-block-list\"><li>Peut-on vendre sa voiture sans contr\u00f4le technique ?<\/li><\/ul>\n\n\n\n<p>Il n&rsquo;est pas possible de vendre sa voiture sans un contr\u00f4le technique de moins de 6 mois. Deux remarques toutefois : <\/p>\n\n\n\n<ul class=\"wp-block-list\"><li>Le contr\u00f4le technique peut mentionner une contre-visite : cela n&#8217;emp\u00eachera pas de vendre le v\u00e9hicule, l&rsquo;acheteur doit simplement en \u00eatre inform\u00e9.<\/li><li>Il y a une exception \u00e0 la r\u00e8gle : vendre sa voiture sans contr\u00f4le technique est possible uniquement si vous la vendez \u00e0 un professionnel de l&rsquo;automobile, qui se chargera lui-m\u00eame de ces d\u00e9marches.<\/li><\/ul>\n\n\n\n<h2 class=\"wp-block-heading\"><span class=\"ez-toc-section\" id=\"Lecheance_de_mon_controle_technique_est_depassee_que_faire\"><\/span>L\u2019\u00e9ch\u00e9ance de mon contr\u00f4le technique est d\u00e9pass\u00e9e, que faire ?<span class=\"ez-toc-section-end\"><\/span><\/h2>\n\n\n\n<p>Si l&rsquo;\u00e9ch\u00e9ance de votre contr\u00f4le technique est d\u00e9pass\u00e9e, vous devez imp\u00e9rativement prendre rendez-vous dans un centre de contr\u00f4le technique dans les plus brefs d\u00e9lais. Vous pouvez utiliser notre comparateur de prix du contr\u00f4le technique pour prendre rendez-vous.<\/p>\n\n\n\n<h2 class=\"wp-block-heading\"><span class=\"ez-toc-section\" id=\"Quelle_amende_en_cas_de_defaut_de_controle_technique\"><\/span>Quelle amende en cas de d\u00e9faut de contr\u00f4le technique ?<span class=\"ez-toc-section-end\"><\/span><\/h2>\n\n\n\n<p>En cas de contr\u00f4le par les autorit\u00e9s, le d\u00e9faut de contr\u00f4le technique est passible d&rsquo;une amende de 135\u20ac.<\/p>\n\n\n\n<p><\/p>\n\n\n\n<pre class=\"wp-block-verse\"><em><strong>\u00c0 lire \u00e9galement :<\/strong>\n<a href=\"https:\/\/www.simplauto.com\/blog\/controle-technique\/definition\/\" title=\"C'est quoi le contr\u00f4le technique ?\">C'est quoi le contr\u00f4le technique ?\n<\/a><a href=\"https:\/\/www.simplauto.com\/blog\/controle-technique\/preparer-le-controle-technique\/\" title=\"Comment pr\u00e9parer le contr\u00f4le technique ?\">Comment pr\u00e9parer le contr\u00f4le technique ?<\/a><a href=\"https:\/\/www.simplauto.com\/blog\/controle-technique\/reglementation\/\" title=\"Que dit la r\u00e9glementation concernant mon v\u00e9hicule ?\">\n<\/a><a href=\"https:\/\/www.simplauto.com\/blog\/controle-technique\/deroulement\/\" title=\"D\u00e9roulement du contr\u00f4le technique\">D\u00e9roulement du contr\u00f4le technique\n<\/a><a href=\"https:\/\/www.simplauto.com\/blog\/controle-technique\/apres-le-controle-technique\/\" title=\"Que se passe-t-il apr\u00e8s le contr\u00f4le technique ?\">Que se passe-t-il apr\u00e8s le contr\u00f4le technique ?<\/a><\/em><\/pre>\n","protected":false},"excerpt":{"rendered":"<p>Cet article est issu de notre guide du contr\u00f4le technique, qui regroupe plus de 50 Questions-R\u00e9ponses relatives \u00e0 toutes les \u00e9tapes du contr\u00f4le technique&nbsp;: sa r\u00e9glementation, la pr\u00e9paration du contr\u00f4le technique, son d\u00e9roulement et enfin l&rsquo;apr\u00e8s contr\u00f4le technique. Ma voiture est-elle concern\u00e9e par le contr\u00f4le technique ? Tous les v\u00e9hicules de 4 ans et plus,<\/p>\n","protected":false},"author":1,"featured_media":0,"parent":725,"menu_order":0,"comment_status":"closed","ping_status":"closed","template":"","meta":{"footnotes":""},"class_list":["post-1766","page","type-page","status-publish"],"_links":{"self":[{"href":"https:\/\/www.simplauto.com\/blog\/wp-json\/wp\/v2\/pages\/1766","targetHints":{"allow":["GET"]}}],"collection":[{"href":"https:\/\/www.simplauto.com\/blog\/wp-json\/wp\/v2\/pages"}],"about":[{"href":"https:\/\/www.simplauto.com\/blog\/wp-json\/wp\/v2\/types\/page"}],"author":[{"embeddable":true,"href":"https:\/\/www.simplauto.com\/blog\/wp-json\/wp\/v2\/users\/1"}],"replies":[{"embeddable":true,"href":"https:\/\/www.simplauto.com\/blog\/wp-json\/wp\/v2\/comments?post=1766"}],"version-history":[{"count":13,"href":"https:\/\/www.simplauto.com\/blog\/wp-json\/wp\/v2\/pages\/1766\/revisions"}],"predecessor-version":[{"id":1889,"href":"https:\/\/www.simplauto.com\/blog\/wp-json\/wp\/v2\/pages\/1766\/revisions\/1889"}],"up":[{"embeddable":true,"href":"https:\/\/www.simplauto.com\/blog\/wp-json\/wp\/v2\/pages\/725"}],"wp:attachment":[{"href":"https:\/\/www.simplauto.com\/blog\/wp-json\/wp\/v2\/media?parent=1766"}],"curies":[{"name":"wp","href":"https:\/\/api.w.org\/{rel}","templated":true}]}}