{"id":1765,"date":"2023-11-29T18:19:32","date_gmt":"2023-11-29T17:19:32","guid":{"rendered":"https:\/\/www.simplauto.com\/blog\/?page_id=1765"},"modified":"2023-11-29T18:19:33","modified_gmt":"2023-11-29T17:19:33","slug":"preparer-le-controle-technique","status":"publish","type":"page","link":"https:\/\/www.simplauto.com\/blog\/controle-technique\/preparer-le-controle-technique\/","title":{"rendered":"Comment pr\u00e9parer le contr\u00f4le technique\u00a0?"},"content":{"rendered":"\n<pre class=\"wp-block-verse\"><em>Cet article est issu de notre <a href=\"https:\/\/www.simplauto.com\/blog\/guide-du-controle-technique\/\" title=\"guide du controle technique\">guide du contr\u00f4le technique<\/a>, qui regroupe plus de 50 Questions-R\u00e9ponses relatives \u00e0 toutes les \u00e9tapes du contr\u00f4le technique&nbsp;: sa r\u00e9glementation, la pr\u00e9paration du contr\u00f4le technique, son d\u00e9roulement et enfin l'apr\u00e8s contr\u00f4le technique.<\/em><\/pre>\n\n\n\n<div id=\"ez-toc-container\" class=\"ez-toc-v2_0_75 counter-hierarchy ez-toc-counter ez-toc-grey ez-toc-container-direction\">\n<p class=\"ez-toc-title\" style=\"cursor:inherit\">Sommaire<\/p>\n<label for=\"ez-toc-cssicon-toggle-item-6a00b29f6f7b5\" class=\"ez-toc-cssicon-toggle-label\"><span class=\"ez-toc-cssicon\"><span class=\"eztoc-hide\" style=\"display:none;\">Toggle<\/span><span class=\"ez-toc-icon-toggle-span\"><svg style=\"fill: #999;color:#999\" xmlns=\"http:\/\/www.w3.org\/2000\/svg\" class=\"list-377408\" width=\"20px\" height=\"20px\" viewBox=\"0 0 24 24\" fill=\"none\"><path d=\"M6 6H4v2h2V6zm14 0H8v2h12V6zM4 11h2v2H4v-2zm16 0H8v2h12v-2zM4 16h2v2H4v-2zm16 0H8v2h12v-2z\" fill=\"currentColor\"><\/path><\/svg><svg style=\"fill: #999;color:#999\" class=\"arrow-unsorted-368013\" xmlns=\"http:\/\/www.w3.org\/2000\/svg\" width=\"10px\" height=\"10px\" viewBox=\"0 0 24 24\" version=\"1.2\" baseProfile=\"tiny\"><path d=\"M18.2 9.3l-6.2-6.3-6.2 6.3c-.2.2-.3.4-.3.7s.1.5.3.7c.2.2.4.3.7.3h11c.3 0 .5-.1.7-.3.2-.2.3-.5.3-.7s-.1-.5-.3-.7zM5.8 14.7l6.2 6.3 6.2-6.3c.2-.2.3-.5.3-.7s-.1-.5-.3-.7c-.2-.2-.4-.3-.7-.3h-11c-.3 0-.5.1-.7.3-.2.2-.3.5-.3.7s.1.5.3.7z\"\/><\/svg><\/span><\/span><\/label><input type=\"checkbox\"  id=\"ez-toc-cssicon-toggle-item-6a00b29f6f7b5\"  aria-label=\"Toggle\" \/><nav><ul class='ez-toc-list ez-toc-list-level-1 ' ><li class='ez-toc-page-1 ez-toc-heading-level-2'><a class=\"ez-toc-link ez-toc-heading-1\" href=\"https:\/\/www.simplauto.com\/blog\/controle-technique\/preparer-le-controle-technique\/#Quand_faire_le_controle_technique_de_son_vehicule\" >Quand faire le contr\u00f4le technique de son v\u00e9hicule&nbsp;?<\/a><ul class='ez-toc-list-level-3' ><li class='ez-toc-heading-level-3'><a class=\"ez-toc-link ez-toc-heading-2\" href=\"https:\/\/www.simplauto.com\/blog\/controle-technique\/preparer-le-controle-technique\/#Quand_faire_le_premier_controle_technique_dune_voiture_neuve\" >Quand faire le premier contr\u00f4le technique d\u2019une voiture neuve\u00a0?<\/a><\/li><li class='ez-toc-page-1 ez-toc-heading-level-3'><a class=\"ez-toc-link ez-toc-heading-3\" href=\"https:\/\/www.simplauto.com\/blog\/controle-technique\/preparer-le-controle-technique\/#Quand_faire_le_controle_technique_dune_voiture_doccasion\" >Quand faire le contr\u00f4le technique d\u2019une voiture d\u2019occasion\u00a0?<\/a><\/li><li class='ez-toc-page-1 ez-toc-heading-level-3'><a class=\"ez-toc-link ez-toc-heading-4\" href=\"https:\/\/www.simplauto.com\/blog\/controle-technique\/preparer-le-controle-technique\/#Quel_est_le_delai_de_validite_du_controle_technique_pour_la_vente_dune_voiture\" >Quel est le d\u00e9lai de validit\u00e9 du contr\u00f4le technique pour la vente d&rsquo;une voiture\u00a0?<\/a><\/li><li class='ez-toc-page-1 ez-toc-heading-level-3'><a class=\"ez-toc-link ez-toc-heading-5\" href=\"https:\/\/www.simplauto.com\/blog\/controle-technique\/preparer-le-controle-technique\/#Calculer_la_date_de_mon_prochain_controle_technique\" >Calculer la date de mon prochain contr\u00f4le technique<\/a><\/li><\/ul><\/li><li class='ez-toc-page-1 ez-toc-heading-level-2'><a class=\"ez-toc-link ez-toc-heading-6\" href=\"https:\/\/www.simplauto.com\/blog\/controle-technique\/preparer-le-controle-technique\/#Ou_faire_mon_controle_technique\" >O\u00f9 faire mon contr\u00f4le technique\u00a0?<\/a><\/li><li class='ez-toc-page-1 ez-toc-heading-level-2'><a class=\"ez-toc-link ez-toc-heading-7\" href=\"https:\/\/www.simplauto.com\/blog\/controle-technique\/preparer-le-controle-technique\/#Comment_sassurer_quun_centre_de_controle_technique_est_bien_agree\" >Comment s\u2019assurer qu\u2019un centre de contr\u00f4le technique est bien agr\u00e9\u00e9\u00a0?<\/a><\/li><li class='ez-toc-page-1 ez-toc-heading-level-2'><a class=\"ez-toc-link ez-toc-heading-8\" href=\"https:\/\/www.simplauto.com\/blog\/controle-technique\/preparer-le-controle-technique\/#Les_garages_realisent-ils_le_controle_technique\" >Les garages r\u00e9alisent-ils le contr\u00f4le technique\u00a0?<\/a><\/li><li class='ez-toc-page-1 ez-toc-heading-level-2'><a class=\"ez-toc-link ez-toc-heading-9\" href=\"https:\/\/www.simplauto.com\/blog\/controle-technique\/preparer-le-controle-technique\/#Quel_est_le_prix_dun_controle_technique\" >Quel est le prix d&rsquo;un contr\u00f4le technique\u00a0?<\/a><\/li><li class='ez-toc-page-1 ez-toc-heading-level-2'><a class=\"ez-toc-link ez-toc-heading-10\" href=\"https:\/\/www.simplauto.com\/blog\/controle-technique\/preparer-le-controle-technique\/#Comment_trouver_un_controle_technique_pas_cher\" >Comment trouver un contr\u00f4le technique pas cher\u00a0?<\/a><\/li><li class='ez-toc-page-1 ez-toc-heading-level-2'><a class=\"ez-toc-link ez-toc-heading-11\" href=\"https:\/\/www.simplauto.com\/blog\/controle-technique\/preparer-le-controle-technique\/#Comment_prendre_rendez-vous_pour_mon_controle_technique\" >Comment prendre rendez-vous pour mon contr\u00f4le technique\u00a0?<\/a><\/li><li class='ez-toc-page-1 ez-toc-heading-level-2'><a class=\"ez-toc-link ez-toc-heading-12\" href=\"https:\/\/www.simplauto.com\/blog\/controle-technique\/preparer-le-controle-technique\/#Lors_de_ma_reservation_on_me_demande_le_type_de_vehicule_comment_le_connaitre\" >Lors de ma r\u00e9servation, on me demande le type de v\u00e9hicule : comment le conna\u00eetre\u00a0?<\/a><\/li><li class='ez-toc-page-1 ez-toc-heading-level-2'><a class=\"ez-toc-link ez-toc-heading-13\" href=\"https:\/\/www.simplauto.com\/blog\/controle-technique\/preparer-le-controle-technique\/#Mon_garagiste_me_propose_un_pre_controle_technique_dois-je_accepter\" >Mon garagiste me propose un pr\u00e9 contr\u00f4le technique, dois-je accepter\u00a0?<\/a><\/li><li class='ez-toc-page-1 ez-toc-heading-level-2'><a class=\"ez-toc-link ez-toc-heading-14\" href=\"https:\/\/www.simplauto.com\/blog\/controle-technique\/preparer-le-controle-technique\/#Comment_eviter_une_contre-visite\" >Comment \u00e9viter une contre-visite\u00a0?<\/a><\/li><\/ul><\/nav><\/div>\n<h2 class=\"wp-block-heading\"><span class=\"ez-toc-section\" id=\"Quand_faire_le_controle_technique_de_son_vehicule\"><\/span><a href=\"https:\/\/www.simplauto.com\/blog\/controle-technique\/preparer-le-controle-technique\/delai-controle-technique\/\" title=\"Quand faut-il faire le contr\u00f4le technique&nbsp;?\">Quand faire le contr\u00f4le technique de son v\u00e9hicule&nbsp;?<\/a><span class=\"ez-toc-section-end\"><\/span><\/h2>\n\n\n\n<h3 class=\"wp-block-heading\"><span class=\"ez-toc-section\" id=\"Quand_faire_le_premier_controle_technique_dune_voiture_neuve\"><\/span><a href=\"https:\/\/www.simplauto.com\/blog\/controle-technique-voiture-neuve\/\" title=\"Quand faire le premier contr\u00f4le technique d\u2019une voiture neuve\u00a0?\">Quand faire le premier contr\u00f4le technique d\u2019une voiture neuve\u00a0?<\/a><span class=\"ez-toc-section-end\"><\/span><\/h3>\n\n\n\n<p>Le 1er contr\u00f4le technique d&rsquo;un v\u00e9hicule doit \u00eatre r\u00e9alis\u00e9 dans les 6 mois pr\u00e9c\u00e9dant le quatri\u00e8me anniversaire du v\u00e9hicule.<\/p>\n\n\n\n<h3 class=\"wp-block-heading\"><span class=\"ez-toc-section\" id=\"Quand_faire_le_controle_technique_dune_voiture_doccasion\"><\/span><a href=\"https:\/\/www.simplauto.com\/blog\/controle-technique\/preparer-le-controle-technique\/quand-faire-le-controle-technique-dune-voiture-doccasion\/\" title=\"Quand faire le contr\u00f4le technique d\u2019une voiture d\u2019occasion\u00a0?\">Quand faire le contr\u00f4le technique d\u2019une voiture d\u2019occasion\u00a0?<\/a><span class=\"ez-toc-section-end\"><\/span><\/h3>\n\n\n\n<p>Par v\u00e9hicule d&rsquo;occasion, on entend v\u00e9hicule ayant d\u00e9j\u00e0 pass\u00e9 un contr\u00f4le technique. Les prochains contr\u00f4les techniques devront \u00eatre r\u00e9alis\u00e9s au plus tard 2 ans apr\u00e8s le dernier contr\u00f4le.<\/p>\n\n\n\n<h3 class=\"wp-block-heading\"><span class=\"ez-toc-section\" id=\"Quel_est_le_delai_de_validite_du_controle_technique_pour_la_vente_dune_voiture\"><\/span><a href=\"https:\/\/www.simplauto.com\/blog\/controle-technique\/preparer-le-controle-technique\/quel-est-le-delai-de-validite-du-controle-technique-pour-la-vente-dune-voiture\/\" title=\"Quel est le d\u00e9lai de validit\u00e9 du contr\u00f4le technique pour la vente d'une voiture\u00a0?\">Quel est le d\u00e9lai de validit\u00e9 du contr\u00f4le technique pour la vente d&rsquo;une voiture\u00a0?<\/a><span class=\"ez-toc-section-end\"><\/span><\/h3>\n\n\n\n<p>Un contr\u00f4le technique de moins de 6 mois est n\u00e9cessaire pour vendre sa voiture.<\/p>\n\n\n\n<h3 class=\"wp-block-heading\"><span class=\"ez-toc-section\" id=\"Calculer_la_date_de_mon_prochain_controle_technique\"><\/span><a href=\"https:\/\/www.simplauto.com\/blog\/controle-technique\/preparer-le-controle-technique\/delai-controle-technique\/calculer-date-prochain-controle-technique\/\" title=\"Calculer la date de mon prochain contr\u00f4le technique\">Calculer la date de mon prochain contr\u00f4le technique<\/a><span class=\"ez-toc-section-end\"><\/span><\/h3>\n\n\n\n<figure class=\"wp-block-table is-style-regular\"><table class=\"has-fixed-layout\"><thead><tr><th><strong>Votre v\u00e9hicule<\/strong><\/th><th><strong>\u00c9ch\u00e9ance du contr\u00f4le technique<\/strong><\/th><\/tr><\/thead><tbody><tr><td>Votre v\u00e9hicule n&rsquo;a jamais pass\u00e9 de CT<\/td><td>4 ans apr\u00e8s la date de premi\u00e8re immatriculation du v\u00e9hicule<\/td><\/tr><tr><td>Votre v\u00e9hicule a d\u00e9j\u00e0 pass\u00e9 un CT<\/td><td>2 ans apr\u00e8s la date du dernier contr\u00f4le technique<\/td><\/tr><\/tbody><\/table><figcaption class=\"wp-element-caption\">Calcul de la date du prochain contr\u00f4le technique<\/figcaption><\/figure>\n\n\n\n<h2 class=\"wp-block-heading\"><span class=\"ez-toc-section\" id=\"Ou_faire_mon_controle_technique\"><\/span><a href=\"https:\/\/www.simplauto.com\/blog\/controle-technique\/preparer-le-controle-technique\/ou-faire-mon-controle-technique\/\" title=\"O\u00f9 faire mon contr\u00f4le technique\u00a0?\">O\u00f9 faire mon contr\u00f4le technique\u00a0?<\/a><span class=\"ez-toc-section-end\"><\/span><\/h2>\n\n\n\n<p>Votre contr\u00f4le technique doit \u00eatre r\u00e9alis\u00e9 dans un centre de contr\u00f4le technique agr\u00e9\u00e9 par l&rsquo;\u00c9tat. Vous pourrez trouver un centre agr\u00e9\u00e9 en utilisant notre site.<\/p>\n\n\n\n<h2 class=\"wp-block-heading\"><span class=\"ez-toc-section\" id=\"Comment_sassurer_quun_centre_de_controle_technique_est_bien_agree\"><\/span><a href=\"https:\/\/www.simplauto.com\/blog\/controle-technique\/preparer-le-controle-technique\/comment-sassurer-quun-centre-de-controle-technique-est-bien-agree\/\" title=\"Comment s\u2019assurer qu\u2019un centre de contr\u00f4le technique est bien agr\u00e9\u00e9\u00a0?\">Comment s\u2019assurer qu\u2019un centre de contr\u00f4le technique est bien agr\u00e9\u00e9\u00a0?<\/a><span class=\"ez-toc-section-end\"><\/span><\/h2>\n\n\n\n<p>La liste officielle des centres de contr\u00f4le technique agr\u00e9\u00e9s par l&rsquo;\u00c9tat est disponible sur le site de l&rsquo;<a href=\"https:\/\/www.utac-otc.com\/vehicule_leger\/Pages\/Ou-passer-son-contr%C3%B4le-VL.aspx?zipCode=&amp;ville=\" title=\"https:\/\/www.utac-otc.com\/vehicule_leger\/Pages\/Ou-passer-son-contr%C3%B4le-VL.aspx?zipCode=&amp;ville=\">UTAC-OTC<\/a>. Par ailleurs notre site ne recense que des centres agr\u00e9\u00e9s.<\/p>\n\n\n\n<h2 class=\"wp-block-heading\"><span class=\"ez-toc-section\" id=\"Les_garages_realisent-ils_le_controle_technique\"><\/span><a href=\"https:\/\/www.simplauto.com\/blog\/garages-controle-technique\/\" title=\"Les garages r\u00e9alisent-ils le contr\u00f4le technique\u00a0?\">Les garages r\u00e9alisent-ils le contr\u00f4le technique\u00a0?<\/a><span class=\"ez-toc-section-end\"><\/span><\/h2>\n\n\n\n<p>Non : les garages ne font pas de contr\u00f4le technique. Lorsqu&rsquo;ils vous le proposent, cela signifie qu&rsquo;ils vont d\u00e9poser votre v\u00e9hicule \u00e0 votre place dans un centre de contr\u00f4le technique, ce qui vous co\u00fbtera forc\u00e9ment plus cher.<\/p>\n\n\n\n<h2 class=\"wp-block-heading\"><span class=\"ez-toc-section\" id=\"Quel_est_le_prix_dun_controle_technique\"><\/span><a href=\"https:\/\/www.simplauto.com\/blog\/prix-controle-technique\/\" title=\"Quel est le prix d'un contr\u00f4le technique\u00a0?\">Quel est le prix d&rsquo;un contr\u00f4le technique\u00a0?<\/a><span class=\"ez-toc-section-end\"><\/span><\/h2>\n\n\n\n<p>D&rsquo;apr\u00e8s notre barom\u00e8tre annuel, le contr\u00f4le technique co\u00fbte 77\u20ac en France en moyenne (pour un v\u00e9hicule particulier essence ou diesel). <\/p>\n\n\n\n<h2 class=\"wp-block-heading\"><span class=\"ez-toc-section\" id=\"Comment_trouver_un_controle_technique_pas_cher\"><\/span><a href=\"https:\/\/www.simplauto.com\/blog\/controle-technique\/preparer-le-controle-technique\/controle-technique-pas-cher\/\" title=\"Comment trouver un contr\u00f4le technique pas cher\u00a0?\">Comment trouver un contr\u00f4le technique pas cher\u00a0?<\/a><span class=\"ez-toc-section-end\"><\/span><\/h2>\n\n\n\n<p>Notre comparateur de prix vous permet de trouver un centre de contr\u00f4le technique agr\u00e9\u00e9 au meilleur prix pr\u00e8s de chez vous. Vous pouvez ainsi trouver un <a href=\"https:\/\/www.simplauto.com\/\" title=\"controle technique pas cher\">contr\u00f4le technique pas cher<\/a> \u00e0 partir de 13,20\u20ac ! Un contr\u00f4le technique est vendu en moyenne 58\u20ac sur Simplauto, soit -25% par rapport au prix moyen constat\u00e9 en France.<\/p>\n\n\n\n<h2 class=\"wp-block-heading\"><span class=\"ez-toc-section\" id=\"Comment_prendre_rendez-vous_pour_mon_controle_technique\"><\/span><a href=\"https:\/\/www.simplauto.com\/blog\/controle-technique\/preparer-le-controle-technique\/comment-prendre-rendez-vous-pour-mon-controle-technique\/\" title=\"Comment prendre rendez-vous pour mon contr\u00f4le technique\u00a0?\">Comment prendre rendez-vous pour mon contr\u00f4le technique\u00a0?<\/a><span class=\"ez-toc-section-end\"><\/span><\/h2>\n\n\n\n<p>Il y a plusieurs mani\u00e8res de prendre rendez-vous pour votre contr\u00f4le technique :<\/p>\n\n\n\n<ul class=\"wp-block-list\">\n<li>En utilisant notre moteur de recherche, vous trouverez peut-\u00eatre un centre de contr\u00f4le technique vous proposant des promotions exceptionnelles (-25% en moyenne par rapport au prix moyen). Vous pourrez choisir un cr\u00e9neau horaire et r\u00e9server en ligne.<\/li>\n\n\n\n<li>Si ce n&rsquo;est pas le cas, les r\u00e9seaux de contr\u00f4le technique permettent d\u00e9sormais de r\u00e9server en ligne votre contr\u00f4le technique dans un centre de leur enseigne.<\/li>\n<\/ul>\n\n\n\n<h2 class=\"wp-block-heading\"><span class=\"ez-toc-section\" id=\"Lors_de_ma_reservation_on_me_demande_le_type_de_vehicule_comment_le_connaitre\"><\/span><a href=\"https:\/\/www.simplauto.com\/blog\/controle-technique\/preparer-le-controle-technique\/lors-de-ma-reservation-on-me-demande-le-type-de-vehicule-comment-le-connaitre\/\" title=\"Lors de ma r\u00e9servation, on me demande le type de v\u00e9hicule : comment le conna\u00eetre\u00a0?\">Lors de ma r\u00e9servation, on me demande le type de v\u00e9hicule : comment le conna\u00eetre\u00a0?<\/a><span class=\"ez-toc-section-end\"><\/span><\/h2>\n\n\n\n<p>Votre v\u00e9hicule est g\u00e9n\u00e9ralement un v\u00e9hicule particulier, et s&rsquo;il a quatre roues motrices, il s&rsquo;agit d&rsquo;une 4&#215;4. Si c&rsquo;est une fourgonnette, c&rsquo;est un utilitaire. Un v\u00e9hicule de soci\u00e9t\u00e9 2 places est g\u00e9n\u00e9ralement \u00e9galement consid\u00e9r\u00e9 comme un utilitaire. Enfin, il peut s&rsquo;agir d&rsquo;un camping-car ou d&rsquo;un v\u00e9hicule de collection.<\/p>\n\n\n\n<h2 class=\"wp-block-heading\"><span class=\"ez-toc-section\" id=\"Mon_garagiste_me_propose_un_pre_controle_technique_dois-je_accepter\"><\/span><a href=\"https:\/\/www.simplauto.com\/blog\/controle-technique\/preparer-le-controle-technique\/pre-controle-technique-arnaque\/\" title=\"Mon garagiste me propose un pr\u00e9 contr\u00f4le technique, dois-je accepter\u00a0?\">Mon garagiste me propose un pr\u00e9 contr\u00f4le technique, dois-je accepter\u00a0?<\/a><span class=\"ez-toc-section-end\"><\/span><\/h2>\n\n\n\n<p>Non. Le <a href=\"https:\/\/www.simplauto.com\/blog\/controle-technique\/preparer-le-controle-technique\/pre-controle-technique-arnaque\/\" title=\"pr\u00e9 contr\u00f4le technique\">pr\u00e9 contr\u00f4le technique<\/a> n&rsquo;a aucun fondement l\u00e9gal, et ne repr\u00e9sente aucunement la garantie que votre v\u00e9hicule passera le contr\u00f4le technique. Il est pr\u00e9f\u00e9rable de risquer une contre-visite (prix moyen : 14\u20ac) que de faire des r\u00e9parations superflues qui peuvent vous co\u00fbter beaucoup plus cher.<\/p>\n\n\n\n<h2 class=\"wp-block-heading\"><span class=\"ez-toc-section\" id=\"Comment_eviter_une_contre-visite\"><\/span><a href=\"https:\/\/www.simplauto.com\/blog\/controle-technique\/preparer-le-controle-technique\/comment-eviter-une-contre-visite\/\" title=\"Comment \u00e9viter une contre-visite\u00a0?\">Comment \u00e9viter une contre-visite\u00a0?<\/a><span class=\"ez-toc-section-end\"><\/span><\/h2>\n\n\n\n<p>Quelques points de contr\u00f4le assez basiques vous permettent d&rsquo;\u00e9viter une contre-visite : <\/p>\n\n\n\n<ul class=\"wp-block-list\">\n<li>vos pneus ne doivent pas \u00eatre us\u00e9s ;<\/li>\n\n\n\n<li>vos feux de croisement ne doivent pas \u00eatre trop hauts;<\/li>\n\n\n\n<li>vos feux stop doivent fonctionner ;<\/li>\n\n\n\n<li>vos balais d&rsquo;essuie-glace ne doivent pas \u00eatre trop us\u00e9s ;<\/li>\n\n\n\n<li>vos plaques d&rsquo;immatriculation doivent \u00eatre parfaitement lisibles.<\/li>\n<\/ul>\n\n\n\n<p>Pour plus de points de v\u00e9rifications, lisez notre article d\u00e9taill\u00e9 \u00e0 ce sujet.<\/p>\n\n\n\n<p><\/p>\n\n\n\n<pre class=\"wp-block-verse\"><em><strong>\u00c0 lire \u00e9galement :<\/strong>\n<a href=\"https:\/\/www.simplauto.com\/blog\/controle-technique\/definition\/\" title=\"C'est quoi le contr\u00f4le technique ?\">C'est quoi le contr\u00f4le technique&nbsp;?<\/a><a href=\"https:\/\/www.simplauto.com\/blog\/controle-technique\/preparer-le-controle-technique\/\" title=\"Comment pr\u00e9parer le contr\u00f4le technique ?\">\n<\/a><a href=\"https:\/\/www.simplauto.com\/blog\/controle-technique\/reglementation\/\" title=\"Que dit la r\u00e9glementation concernant mon v\u00e9hicule ?\">Que dit la r\u00e9glementation concernant mon v\u00e9hicule&nbsp;?\n<\/a><a href=\"https:\/\/www.simplauto.com\/blog\/controle-technique\/deroulement\/\" title=\"D\u00e9roulement du contr\u00f4le technique\">D\u00e9roulement du contr\u00f4le technique\n<\/a><a href=\"https:\/\/www.simplauto.com\/blog\/controle-technique\/apres-le-controle-technique\/\" title=\"Que se passe-t-il apr\u00e8s le contr\u00f4le technique ?\">Que se passe-t-il apr\u00e8s le contr\u00f4le technique&nbsp;?<\/a><\/em><\/pre>\n","protected":false},"excerpt":{"rendered":"<p>Cet article est issu de notre guide du contr\u00f4le technique, qui regroupe plus de 50 Questions-R\u00e9ponses relatives \u00e0 toutes les \u00e9tapes du contr\u00f4le technique&nbsp;: sa r\u00e9glementation, la pr\u00e9paration du contr\u00f4le technique, son d\u00e9roulement et enfin l&rsquo;apr\u00e8s contr\u00f4le technique. Quand faire le contr\u00f4le technique de son v\u00e9hicule&nbsp;? Quand faire le premier contr\u00f4le technique d\u2019une voiture neuve\u00a0?<\/p>\n","protected":false},"author":1,"featured_media":0,"parent":725,"menu_order":0,"comment_status":"closed","ping_status":"closed","template":"","meta":{"footnotes":""},"class_list":["post-1765","page","type-page","status-publish"],"_links":{"self":[{"href":"https:\/\/www.simplauto.com\/blog\/wp-json\/wp\/v2\/pages\/1765","targetHints":{"allow":["GET"]}}],"collection":[{"href":"https:\/\/www.simplauto.com\/blog\/wp-json\/wp\/v2\/pages"}],"about":[{"href":"https:\/\/www.simplauto.com\/blog\/wp-json\/wp\/v2\/types\/page"}],"author":[{"embeddable":true,"href":"https:\/\/www.simplauto.com\/blog\/wp-json\/wp\/v2\/users\/1"}],"replies":[{"embeddable":true,"href":"https:\/\/www.simplauto.com\/blog\/wp-json\/wp\/v2\/comments?post=1765"}],"version-history":[{"count":21,"href":"https:\/\/www.simplauto.com\/blog\/wp-json\/wp\/v2\/pages\/1765\/revisions"}],"predecessor-version":[{"id":2420,"href":"https:\/\/www.simplauto.com\/blog\/wp-json\/wp\/v2\/pages\/1765\/revisions\/2420"}],"up":[{"embeddable":true,"href":"https:\/\/www.simplauto.com\/blog\/wp-json\/wp\/v2\/pages\/725"}],"wp:attachment":[{"href":"https:\/\/www.simplauto.com\/blog\/wp-json\/wp\/v2\/media?parent=1765"}],"curies":[{"name":"wp","href":"https:\/\/api.w.org\/{rel}","templated":true}]}}