{"id":1764,"date":"2023-11-29T18:13:25","date_gmt":"2023-11-29T17:13:25","guid":{"rendered":"https:\/\/www.simplauto.com\/blog\/?page_id=1764"},"modified":"2023-11-29T18:14:12","modified_gmt":"2023-11-29T17:14:12","slug":"definition","status":"publish","type":"page","link":"https:\/\/www.simplauto.com\/blog\/controle-technique\/definition\/","title":{"rendered":"C\u2019est quoi, le contr\u00f4le technique\u00a0?"},"content":{"rendered":"\n<pre class=\"wp-block-verse\"><em>Cet article est issu de notre <a href=\"https:\/\/www.simplauto.com\/blog\/guide-du-controle-technique\/\" title=\"guide du controle technique\">guide du contr\u00f4le technique<\/a>, qui regroupe plus de 50 Questions-R\u00e9ponses relatives \u00e0 toutes les \u00e9tapes du contr\u00f4le technique&nbsp;: sa r\u00e9glementation, la pr\u00e9paration du contr\u00f4le technique, son d\u00e9roulement et enfin l'apr\u00e8s contr\u00f4le technique.<\/em><\/pre>\n\n\n\n<div id=\"ez-toc-container\" class=\"ez-toc-v2_0_75 counter-hierarchy ez-toc-counter ez-toc-grey ez-toc-container-direction\">\n<p class=\"ez-toc-title\" style=\"cursor:inherit\">Sommaire<\/p>\n<label for=\"ez-toc-cssicon-toggle-item-69e37b792ca41\" class=\"ez-toc-cssicon-toggle-label\"><span class=\"ez-toc-cssicon\"><span class=\"eztoc-hide\" style=\"display:none;\">Toggle<\/span><span class=\"ez-toc-icon-toggle-span\"><svg style=\"fill: #999;color:#999\" xmlns=\"http:\/\/www.w3.org\/2000\/svg\" class=\"list-377408\" width=\"20px\" height=\"20px\" viewBox=\"0 0 24 24\" fill=\"none\"><path d=\"M6 6H4v2h2V6zm14 0H8v2h12V6zM4 11h2v2H4v-2zm16 0H8v2h12v-2zM4 16h2v2H4v-2zm16 0H8v2h12v-2z\" fill=\"currentColor\"><\/path><\/svg><svg style=\"fill: #999;color:#999\" class=\"arrow-unsorted-368013\" xmlns=\"http:\/\/www.w3.org\/2000\/svg\" width=\"10px\" height=\"10px\" viewBox=\"0 0 24 24\" version=\"1.2\" baseProfile=\"tiny\"><path d=\"M18.2 9.3l-6.2-6.3-6.2 6.3c-.2.2-.3.4-.3.7s.1.5.3.7c.2.2.4.3.7.3h11c.3 0 .5-.1.7-.3.2-.2.3-.5.3-.7s-.1-.5-.3-.7zM5.8 14.7l6.2 6.3 6.2-6.3c.2-.2.3-.5.3-.7s-.1-.5-.3-.7c-.2-.2-.4-.3-.7-.3h-11c-.3 0-.5.1-.7.3-.2.2-.3.5-.3.7s.1.5.3.7z\"\/><\/svg><\/span><\/span><\/label><input type=\"checkbox\"  id=\"ez-toc-cssicon-toggle-item-69e37b792ca41\"  aria-label=\"Toggle\" \/><nav><ul class='ez-toc-list ez-toc-list-level-1 ' ><li class='ez-toc-page-1 ez-toc-heading-level-2'><a class=\"ez-toc-link ez-toc-heading-1\" href=\"https:\/\/www.simplauto.com\/blog\/controle-technique\/definition\/#Le_controle_technique_a_quoi_ca_sert\" >Le contr\u00f4le technique, \u00e0 quoi \u00e7a sert\u00a0?<\/a><\/li><li class='ez-toc-page-1 ez-toc-heading-level-2'><a class=\"ez-toc-link ez-toc-heading-2\" href=\"https:\/\/www.simplauto.com\/blog\/controle-technique\/definition\/#Quels_sont_les_differents_types_de_controles\" >Quels sont les diff\u00e9rents types de contr\u00f4les\u00a0?<\/a><ul class='ez-toc-list-level-3' ><li class='ez-toc-heading-level-3'><a class=\"ez-toc-link ez-toc-heading-3\" href=\"https:\/\/www.simplauto.com\/blog\/controle-technique\/definition\/#Le_controle_technique_obligatoire\" >Le contr\u00f4le technique obligatoire<\/a><\/li><li class='ez-toc-page-1 ez-toc-heading-level-3'><a class=\"ez-toc-link ez-toc-heading-4\" href=\"https:\/\/www.simplauto.com\/blog\/controle-technique\/definition\/#La_contre-visite\" >La contre-visite<\/a><\/li><li class='ez-toc-page-1 ez-toc-heading-level-3'><a class=\"ez-toc-link ez-toc-heading-5\" href=\"https:\/\/www.simplauto.com\/blog\/controle-technique\/definition\/#La_visite_technique_complementaire_ou_controle_antipollution\" >La visite technique compl\u00e9mentaire ou contr\u00f4le antipollution<\/a><\/li><li class='ez-toc-page-1 ez-toc-heading-level-3'><a class=\"ez-toc-link ez-toc-heading-6\" href=\"https:\/\/www.simplauto.com\/blog\/controle-technique\/definition\/#La_visite_anticipee\" >La visite anticip\u00e9e<\/a><\/li><li class='ez-toc-page-1 ez-toc-heading-level-3'><a class=\"ez-toc-link ez-toc-heading-7\" href=\"https:\/\/www.simplauto.com\/blog\/controle-technique\/definition\/#Le_controle_technique_volontaire\" >Le contr\u00f4le technique volontaire<\/a><\/li><\/ul><\/li><\/ul><\/nav><\/div>\n<h2 class=\"wp-block-heading\"><span class=\"ez-toc-section\" id=\"Le_controle_technique_a_quoi_ca_sert\"><\/span><a href=\"https:\/\/www.simplauto.com\/blog\/controle-technique\/reglementation\/objectifs-controle-technique\/\" title=\"Le contr\u00f4le technique, \u00e0 quoi \u00e7a sert\u00a0?\">Le contr\u00f4le technique, \u00e0 quoi \u00e7a sert\u00a0?<\/a><span class=\"ez-toc-section-end\"><\/span><\/h2>\n\n\n\n<p>Instaur\u00e9 en 1992, le contr\u00f4le technique pour but d&rsquo;assurer la s\u00e9curit\u00e9 des automobilistes et d&rsquo;assainir le parc de v\u00e9hicules circulant sur nos routes. C&rsquo;est un examen qui permet \u00e0 l&rsquo;automobiliste de s&rsquo;assurer que sa voiture est en parfait \u00e9tat de fonctionnement et qu&rsquo;il ne se met pas en danger en l&rsquo;utilisant au quotidien.<\/p>\n\n\n\n<p>Le <a href=\"https:\/\/www.simplauto.com\/\" title=\"prix du controle technique\">prix du contr\u00f4le technique<\/a> est variable en France, et le nombre de centres pouvant obtenir l&rsquo;agr\u00e9ment pour r\u00e9aliser le contr\u00f4le technique n&rsquo;est pas limit\u00e9 : l&rsquo;\u00c9tat a donc fait le choix de laisser la concurrence fixer les tarifs de cette prestation.<\/p>\n\n\n\n<h2 class=\"wp-block-heading\"><span class=\"ez-toc-section\" id=\"Quels_sont_les_differents_types_de_controles\"><\/span><a href=\"https:\/\/www.simplauto.com\/blog\/controle-technique\/reglementation\/types-de-controles-techniques\/\" title=\"Quels sont les diff\u00e9rents types de contr\u00f4les\u00a0?\">Quels sont les diff\u00e9rents types de contr\u00f4les\u00a0?<\/a><span class=\"ez-toc-section-end\"><\/span><\/h2>\n\n\n\n<h3 class=\"wp-block-heading\"><span class=\"ez-toc-section\" id=\"Le_controle_technique_obligatoire\"><\/span>Le contr\u00f4le technique obligatoire<span class=\"ez-toc-section-end\"><\/span><\/h3>\n\n\n\n<p>Le contr\u00f4le technique obligatoire est celui que l&rsquo;on appelle tout simplement \u00ab\u00a0contr\u00f4le technique\u00a0\u00bb. Il est pass\u00e9 chaque ann\u00e9e par plus de 20 millions de v\u00e9hicules.<\/p>\n\n\n\n<h3 class=\"wp-block-heading\"><span class=\"ez-toc-section\" id=\"La_contre-visite\"><\/span>La contre-visite<span class=\"ez-toc-section-end\"><\/span><\/h3>\n\n\n\n<p>La contre-visite est une cons\u00e9quence du contr\u00f4le technique obligatoire : lorsque le v\u00e9hicule pr\u00e9sente un d\u00e9faut important, le v\u00e9hicule est recal\u00e9 : il n\u00e9cessite de passer une contre-visite apr\u00e8s r\u00e9paration. Le contr\u00f4leur technique s&rsquo;assurera que les probl\u00e8mes constat\u00e9s lors du contr\u00f4le initial ont bien \u00e9t\u00e9 r\u00e9solus. La contre-visite concerne environ 20% des v\u00e9hicules qui passent le contr\u00f4le technique.<\/p>\n\n\n\n<h3 class=\"wp-block-heading\"><span class=\"ez-toc-section\" id=\"La_visite_technique_complementaire_ou_controle_antipollution\"><\/span>La visite technique compl\u00e9mentaire ou contr\u00f4le antipollution<span class=\"ez-toc-section-end\"><\/span><\/h3>\n\n\n\n<p>Le contr\u00f4le technique antipollution ne concerne que les v\u00e9hicules utilitaires, qui alternent contr\u00f4le technique obligatoire et contr\u00f4le antipollution. Le contr\u00f4le antipollution est plus rapide et co\u00fbte moins cher qu&rsquo;un contr\u00f4le technique obligatoire.<\/p>\n\n\n\n<h3 class=\"wp-block-heading\"><span class=\"ez-toc-section\" id=\"La_visite_anticipee\"><\/span>La visite anticip\u00e9e<span class=\"ez-toc-section-end\"><\/span><\/h3>\n\n\n\n<p>Il s&rsquo;agit d&rsquo;un contr\u00f4le technique obligatoire dans le cadre de la vente du v\u00e9hicule. En effet, lorsque vous vendez votre voiture, un contr\u00f4le technique de moins de 6 mois est n\u00e9cessaire.<\/p>\n\n\n\n<h3 class=\"wp-block-heading\"><span class=\"ez-toc-section\" id=\"Le_controle_technique_volontaire\"><\/span>Le contr\u00f4le technique volontaire<span class=\"ez-toc-section-end\"><\/span><\/h3>\n\n\n\n<p>Il s&rsquo;agit d&rsquo;un contr\u00f4le technique volontaire, qui est fait \u00e0 la demande du propri\u00e9taire pour conna\u00eetre l&rsquo;\u00e9tat de son v\u00e9hicule \u00e0 un instant pr\u00e9cis. Il ne remplace en aucun cas le contr\u00f4le technique obligatoire.<\/p>\n\n\n\n<p><\/p>\n\n\n\n<pre class=\"wp-block-verse\"><em><strong>\u00c0 lire \u00e9galement :\n<\/strong><a href=\"https:\/\/www.simplauto.com\/blog\/controle-technique\/preparer-le-controle-technique\/\" title=\"Comment pr\u00e9parer le contr\u00f4le technique ?\">Comment pr\u00e9parer le contr\u00f4le technique&nbsp;?\n<\/a><a href=\"https:\/\/www.simplauto.com\/blog\/controle-technique\/reglementation\/\" title=\"Que dit la r\u00e9glementation concernant mon v\u00e9hicule ?\">Que dit la r\u00e9glementation concernant mon v\u00e9hicule&nbsp;?\n<\/a><a href=\"https:\/\/www.simplauto.com\/blog\/controle-technique\/deroulement\/\" title=\"D\u00e9roulement du contr\u00f4le technique\">D\u00e9roulement du contr\u00f4le technique\n<\/a><a href=\"https:\/\/www.simplauto.com\/blog\/controle-technique\/apres-le-controle-technique\/\" title=\"Que se passe-t-il apr\u00e8s le contr\u00f4le technique ?\">Que se passe-t-il apr\u00e8s le contr\u00f4le technique&nbsp;?<\/a>\n<a href=\"https:\/\/www.ecologie.gouv.fr\/controle-technique-des-vehicules\" title=\"https:\/\/www.ecologie.gouv.fr\/controle-technique-des-vehicules\">Article relatif \u00e0 ce sujet sur le site du Minist\u00e8re de l'\u00e9cologie<\/a><\/em><\/pre>\n","protected":false},"excerpt":{"rendered":"<p>Cet article est issu de notre guide du contr\u00f4le technique, qui regroupe plus de 50 Questions-R\u00e9ponses relatives \u00e0 toutes les \u00e9tapes du contr\u00f4le technique&nbsp;: sa r\u00e9glementation, la pr\u00e9paration du contr\u00f4le technique, son d\u00e9roulement et enfin l&rsquo;apr\u00e8s contr\u00f4le technique. Le contr\u00f4le technique, \u00e0 quoi \u00e7a sert\u00a0? Instaur\u00e9 en 1992, le contr\u00f4le technique pour but d&rsquo;assurer la<\/p>\n","protected":false},"author":1,"featured_media":0,"parent":725,"menu_order":0,"comment_status":"closed","ping_status":"closed","template":"","meta":{"footnotes":""},"class_list":["post-1764","page","type-page","status-publish"],"_links":{"self":[{"href":"https:\/\/www.simplauto.com\/blog\/wp-json\/wp\/v2\/pages\/1764","targetHints":{"allow":["GET"]}}],"collection":[{"href":"https:\/\/www.simplauto.com\/blog\/wp-json\/wp\/v2\/pages"}],"about":[{"href":"https:\/\/www.simplauto.com\/blog\/wp-json\/wp\/v2\/types\/page"}],"author":[{"embeddable":true,"href":"https:\/\/www.simplauto.com\/blog\/wp-json\/wp\/v2\/users\/1"}],"replies":[{"embeddable":true,"href":"https:\/\/www.simplauto.com\/blog\/wp-json\/wp\/v2\/comments?post=1764"}],"version-history":[{"count":23,"href":"https:\/\/www.simplauto.com\/blog\/wp-json\/wp\/v2\/pages\/1764\/revisions"}],"predecessor-version":[{"id":2417,"href":"https:\/\/www.simplauto.com\/blog\/wp-json\/wp\/v2\/pages\/1764\/revisions\/2417"}],"up":[{"embeddable":true,"href":"https:\/\/www.simplauto.com\/blog\/wp-json\/wp\/v2\/pages\/725"}],"wp:attachment":[{"href":"https:\/\/www.simplauto.com\/blog\/wp-json\/wp\/v2\/media?parent=1764"}],"curies":[{"name":"wp","href":"https:\/\/api.w.org\/{rel}","templated":true}]}}